{"id":633,"date":"2022-02-18T07:07:41","date_gmt":"2022-02-18T07:07:41","guid":{"rendered":"http:\/\/vejen-fodboldgolf.dk.linux140.unoeuro-server.com\/fussballgolf\/"},"modified":"2022-03-20T13:13:48","modified_gmt":"2022-03-20T13:13:48","slug":"fussballgolf","status":"publish","type":"page","link":"https:\/\/vejen-fodboldgolf.dk\/de\/fussballgolf\/","title":{"rendered":"Fussballgolf"},"content":{"rendered":"\n<div class=\"slider-wrapper relative\" id=\"slider-1112485459\" >\n    <div class=\"slider slider-nav-circle slider-nav-large slider-nav-light slider-style-normal\"\n        data-flickity-options='{\n            \"cellAlign\": \"center\",\n            \"imagesLoaded\": true,\n            \"lazyLoad\": 1,\n            \"freeScroll\": false,\n            \"wrapAround\": true,\n            \"autoPlay\": 6000,\n            \"pauseAutoPlayOnHover\" : true,\n            \"prevNextButtons\": true,\n            \"contain\" : true,\n            \"adaptiveHeight\" : true,\n            \"dragThreshold\" : 10,\n            \"percentPosition\": true,\n            \"pageDots\": true,\n            \"rightToLeft\": false,\n            \"draggable\": true,\n            \"selectedAttraction\": 0.1,\n            \"parallax\" : 0,\n            \"friction\": 0.6        }'\n        >\n        \n\n\n  <div class=\"banner has-hover\" id=\"banner-1350802229\">\n          <div class=\"banner-inner fill\">\n        <div class=\"banner-bg fill\" >\n            <img loading=\"lazy\" decoding=\"async\" width=\"2560\" height=\"1920\" src=\"https:\/\/vejen-fodboldgolf.dk\/wp-content\/uploads\/2022\/02\/IMG_8661-scaled.jpg\" class=\"bg attachment-original size-original\" alt=\"\" \/>                        <div class=\"overlay\"><\/div>            \n                    <\/div>\n\t\t\n        <div class=\"banner-layers container\">\n            <div class=\"fill banner-link\"><\/div>            \n\n   <div id=\"text-box-414750482\" class=\"text-box banner-layer x50 md-x50 lg-x50 y50 md-y50 lg-y50 res-text\">\n                     <div data-animate=\"flipInY\">           <div class=\"text-box-content text dark\">\n              \n              <div class=\"text-inner text-center\">\n                  \n\n<div class=\"is-divider divider clearfix\" style=\"margin-top:3px;margin-bottom:3px;\"><\/div>\n\n<h1 class=\"h-large uppercase\">Fu\u00dfballgolf<\/h1>\n<div class=\"is-divider divider clearfix\" ><\/div>\n\n<a href=\"\/de\/fussballgolf\/preise\" class=\"button white is-outline\" >\n\t\t<span>Preise<\/span>\n\t<\/a>\n\n\n<a href=\"\/de\/kontakt\" class=\"button white is-outline\" >\n\t\t<span>Kontaktiere uns<\/span>\n\t<\/a>\n\n\n\n              <\/div>\n           <\/div>\n       <\/div>                     \n<style>\n#text-box-414750482 {\n  width: 100%;\n}\n#text-box-414750482 .text-box-content {\n  font-size: 100%;\n}\n@media (min-width:550px) {\n  #text-box-414750482 {\n    width: 70%;\n  }\n}\n<\/style>\n    <\/div>\n \n\n        <\/div>\n      <\/div>\n\n            \n<style>\n#banner-1350802229 {\n  padding-top: 400px;\n}\n#banner-1350802229 .overlay {\n  background-color: rgba(0, 0, 0, 0.02);\n}\n#banner-1350802229 .banner-bg img {\n  object-position: 58% 63%;\n}\n<\/style>\n  <\/div>\n\n\n\n  <div class=\"banner has-hover\" id=\"banner-1299610370\">\n          <div class=\"banner-inner fill\">\n        <div class=\"banner-bg fill\" >\n            <img loading=\"lazy\" decoding=\"async\" width=\"2560\" height=\"1707\" src=\"https:\/\/vejen-fodboldgolf.dk\/wp-content\/uploads\/2022\/02\/Multibane-scaled.jpg\" class=\"bg attachment-original size-original\" alt=\"\" \/>                        <div class=\"overlay\"><\/div>            \n                    <\/div>\n\t\t\n        <div class=\"banner-layers container\">\n            <div class=\"fill banner-link\"><\/div>            \n\n   <div id=\"text-box-985164718\" class=\"text-box banner-layer x50 md-x50 lg-x50 y50 md-y50 lg-y50 res-text\">\n                     <div data-animate=\"flipInY\">           <div class=\"text-box-content text dark\">\n              \n              <div class=\"text-inner text-center\">\n                  \n\n<div class=\"is-divider divider clearfix\" style=\"margin-top:3px;margin-bottom:3px;\"><\/div>\n\n<h1 class=\"h-large uppercase\">Fu\u00dfballgolf in Vejen<\/h1>\n<div class=\"is-divider divider clearfix\" ><\/div>\n\n<a href=\"\/de\/fussballgolf\/preise\" class=\"button white is-outline\" >\n\t\t<span>Preise<\/span>\n\t<\/a>\n\n\n<a href=\"\/de\/kontakt\" class=\"button white is-outline\" >\n\t\t<span>Kontaktiere uns<\/span>\n\t<\/a>\n\n\n\n              <\/div>\n           <\/div>\n       <\/div>                     \n<style>\n#text-box-985164718 {\n  width: 100%;\n}\n#text-box-985164718 .text-box-content {\n  font-size: 100%;\n}\n@media (min-width:550px) {\n  #text-box-985164718 {\n    width: 70%;\n  }\n}\n<\/style>\n    <\/div>\n \n\n        <\/div>\n      <\/div>\n\n            \n<style>\n#banner-1299610370 {\n  padding-top: 400px;\n}\n#banner-1299610370 .overlay {\n  background-color: rgba(0, 0, 0, 0.02);\n}\n#banner-1299610370 .banner-bg img {\n  object-position: 58% 63%;\n}\n<\/style>\n  <\/div>\n\n\n\n  <div class=\"banner has-hover\" id=\"banner-1535037878\">\n          <div class=\"banner-inner fill\">\n        <div class=\"banner-bg fill\" >\n            <img loading=\"lazy\" decoding=\"async\" width=\"2000\" height=\"1338\" src=\"https:\/\/vejen-fodboldgolf.dk\/wp-content\/uploads\/2022\/02\/DSC_0101.jpg\" class=\"bg attachment-original size-original\" alt=\"\" \/>                        <div class=\"overlay\"><\/div>            \n                    <\/div>\n\t\t\n        <div class=\"banner-layers container\">\n            <div class=\"fill banner-link\"><\/div>            \n\n   <div id=\"text-box-853064931\" class=\"text-box banner-layer x50 md-x50 lg-x50 y50 md-y50 lg-y50 res-text\">\n                     <div data-animate=\"flipInY\">           <div class=\"text-box-content text dark\">\n              \n              <div class=\"text-inner text-center\">\n                  \n\n<div class=\"is-divider divider clearfix\" style=\"margin-top:3px;margin-bottom:3px;\"><\/div>\n\n<h1 class=\"h-large uppercase\">Fu\u00dfballgolf<\/h1>\n<div class=\"is-divider divider clearfix\" ><\/div>\n\n<a href=\"\/de\/fussballgolf\/preise\" class=\"button white is-outline\" >\n\t\t<span>Preise<\/span>\n\t<\/a>\n\n\n<a href=\"\/de\/kontakt\" class=\"button white is-outline\" >\n\t\t<span>Kontaktiere uns<\/span>\n\t<\/a>\n\n\n\n              <\/div>\n           <\/div>\n       <\/div>                     \n<style>\n#text-box-853064931 {\n  width: 100%;\n}\n#text-box-853064931 .text-box-content {\n  font-size: 100%;\n}\n@media (min-width:550px) {\n  #text-box-853064931 {\n    width: 70%;\n  }\n}\n<\/style>\n    <\/div>\n \n\n        <\/div>\n      <\/div>\n\n            \n<style>\n#banner-1535037878 {\n  padding-top: 400px;\n}\n#banner-1535037878 .overlay {\n  background-color: rgba(0, 0, 0, 0.02);\n}\n#banner-1535037878 .banner-bg img {\n  object-position: 45% 36%;\n}\n<\/style>\n  <\/div>\n\n\n\n     <\/div>\n\n     <div class=\"loading-spin dark large centered\"><\/div>\n\n\t<\/div>\n\n\n<div class=\"row\"  id=\"row-1023485576\">\n\n\n\t<div id=\"col-2092063398\" class=\"col medium-4 small-12 large-4\"  >\n\t\t\t\t<div class=\"col-inner\"  >\n\t\t\t\n\t\t\t\n\n\n  <div class=\"banner has-hover bg-zoom-fade\" id=\"banner-356068453\">\n          <div class=\"banner-inner fill\">\n        <div class=\"banner-bg fill\" >\n            <img loading=\"lazy\" decoding=\"async\" width=\"1020\" height=\"765\" src=\"https:\/\/vejen-fodboldgolf.dk\/wp-content\/uploads\/2022\/02\/IMG_8665-1024x768.jpg\" class=\"bg attachment-large size-large\" alt=\"\" \/>                                    \n                    <\/div>\n\t\t\n        <div class=\"banner-layers container\">\n            <a class=\"fill\" href=\"\/de\/fussballgolf\/unser-platz\"><div class=\"fill banner-link\"><\/div><\/a>            \n\n   <div id=\"text-box-2114843047\" class=\"text-box banner-layer x50 md-x50 lg-x50 y50 md-y50 lg-y50 res-text\">\n                                <div class=\"text-box-content text dark\">\n              \n              <div class=\"text-inner text-center\">\n                  \n\n<h2><span data-sheets-value=\"{&quot;1&quot;:2,&quot;2&quot;:&quot;Unser Platz&quot;}\" data-sheets-userformat=\"{&quot;2&quot;:513,&quot;3&quot;:{&quot;1&quot;:0},&quot;12&quot;:0}\">UNSER PLATZ<\/span><\/h2>\n<div class=\"is-divider divider clearfix\" ><\/div>\n\n\n              <\/div>\n           <\/div>\n                            \n<style>\n#text-box-2114843047 {\n  width: 60%;\n}\n#text-box-2114843047 .text-box-content {\n  font-size: 100%;\n}\n<\/style>\n    <\/div>\n \n\n        <\/div>\n      <\/div>\n\n            \n<style>\n#banner-356068453 {\n  padding-top: 160px;\n}\n#banner-356068453 .banner-bg img {\n  object-position: 50% 46%;\n}\n<\/style>\n  <\/div>\n\n\n\n\t\t<\/div>\n\t\t\t\t\t<\/div>\n\n\t\n\n\t<div id=\"col-2112936196\" class=\"col medium-4 small-12 large-4\"  >\n\t\t\t\t<div class=\"col-inner\"  >\n\t\t\t\n\t\t\t\n\n\n  <div class=\"banner has-hover bg-zoom-fade\" id=\"banner-747295586\">\n          <div class=\"banner-inner fill\">\n        <div class=\"banner-bg fill\" >\n            <img loading=\"lazy\" decoding=\"async\" width=\"1020\" height=\"765\" src=\"https:\/\/vejen-fodboldgolf.dk\/wp-content\/uploads\/2022\/02\/IMG_8685-1024x768.jpg\" class=\"bg attachment-large size-large\" alt=\"\" \/>                                    \n                    <\/div>\n\t\t\n        <div class=\"banner-layers container\">\n            <a class=\"fill\" href=\"\/de\/fussballgolf\/buchen\"><div class=\"fill banner-link\"><\/div><\/a>            \n\n   <div id=\"text-box-409338526\" class=\"text-box banner-layer x50 md-x50 lg-x50 y50 md-y50 lg-y50 res-text\">\n                                <div class=\"text-box-content text dark\">\n              \n              <div class=\"text-inner text-center\">\n                  \n\n<h2><strong><span class=\"uppercase\">Buchung<br \/>\n<\/span><\/strong><\/h2>\n<div class=\"is-divider divider clearfix\" ><\/div>\n\n\n              <\/div>\n           <\/div>\n                            \n<style>\n#text-box-409338526 {\n  width: 60%;\n}\n#text-box-409338526 .text-box-content {\n  font-size: 100%;\n}\n<\/style>\n    <\/div>\n \n\n        <\/div>\n      <\/div>\n\n            \n<style>\n#banner-747295586 {\n  padding-top: 160px;\n}\n<\/style>\n  <\/div>\n\n\n\n\t\t<\/div>\n\t\t\t\t\t<\/div>\n\n\t\n\n\t<div id=\"col-1298900927\" class=\"col medium-4 small-12 large-4\"  >\n\t\t\t\t<div class=\"col-inner\"  >\n\t\t\t\n\t\t\t\n\n\n  <div class=\"banner has-hover bg-zoom-fade\" id=\"banner-2120960588\">\n          <div class=\"banner-inner fill\">\n        <div class=\"banner-bg fill\" >\n            <img loading=\"lazy\" decoding=\"async\" width=\"1020\" height=\"765\" src=\"https:\/\/vejen-fodboldgolf.dk\/wp-content\/uploads\/2022\/02\/Madpakkehus-1024x768.jpg\" class=\"bg attachment-large size-large\" alt=\"\" \/>                                    \n                    <\/div>\n\t\t\n        <div class=\"banner-layers container\">\n            <a class=\"fill\" href=\"\/de\/fussballgolf\/preise\"><div class=\"fill banner-link\"><\/div><\/a>            \n\n   <div id=\"text-box-911312596\" class=\"text-box banner-layer x50 md-x50 lg-x50 y50 md-y50 lg-y50 res-text\">\n                                <div class=\"text-box-content text dark\">\n              \n              <div class=\"text-inner text-center\">\n                  \n\n<h2><strong><span class=\"uppercase\">Preise<\/span><\/strong><\/h2>\n<div class=\"is-divider divider clearfix\" ><\/div>\n\n\n              <\/div>\n           <\/div>\n                            \n<style>\n#text-box-911312596 {\n  width: 60%;\n}\n#text-box-911312596 .text-box-content {\n  font-size: 100%;\n}\n<\/style>\n    <\/div>\n \n\n        <\/div>\n      <\/div>\n\n            \n<style>\n#banner-2120960588 {\n  padding-top: 160px;\n}\n#banner-2120960588 .banner-bg img {\n  object-position: 35% 50%;\n}\n<\/style>\n  <\/div>\n\n\n\n\t\t<\/div>\n\t\t\t\t\t<\/div>\n\n\t\n\n<\/div>\n<div class=\"row\"  id=\"row-1349811388\">\n\n\n\t<div id=\"col-196441486\" class=\"col medium-8 small-12 large-8\"  >\n\t\t\t\t<div class=\"col-inner\"  >\n\t\t\t\n\t\t\t\n\n<p>Fu\u00dfballgolf ist ein lustiges Spiel, bei dem Sie Freunde, Familie oder Kollegen in sch\u00f6nen Umgebung herausfordern k\u00f6nnen. Hier kann jeder mitmachen, und das Spiel ist sowohl f\u00fcr junge als auch f\u00fcr \u00e4ltere Menschen geeignet. Vejen Fodboldgolf &amp; Kanocenter bietet Ihnen eine sch\u00f6ne Anlage in fantastischer Natur in der N\u00e4he von Konge\u00e5 und H\u00e6rvej. Wir sind auch offen f\u00fcr Gruppen, die den Fu\u00dfballgolfplatz und die Einrichtungen in der Umgebung nutzen m\u00f6chten. Sie k\u00f6nnen uns jederzeit kontaktieren oder einfach vorbeikommen.<\/p>\n<h2>Fu\u00dfballgolf und Covid-19<\/h2>\n<p>Es ist wichtig, dass alle G\u00e4ste die Empfehlungen der d\u00e4nischen Gesundheits- und Arzneimittelbeh\u00f6rde im Zusammenhang mit Covid-19 befolgen und Abstand halten. Richtlinien f\u00fcr Hygiene und Desinfektionsmittel sind in unserem Ballraum erh\u00e4ltlich. Lesen Sie diese unbedingt durch, bevor Sie unsere Anlage nutzen.<\/p>\n<h2>D\u00e4nische Hygge, Natur und Fu\u00dfballgolf in Ihrer N\u00e4he<\/h2>\n<p>Nehmen Sie den Picknickkorb mit und verbringen Sie einen wundersch\u00f6nen Tag mit Sport, Aktivit\u00e4ten und d\u00e4nischer Hygge in sch\u00f6ner Umgebung. Wir stellen Ihnen auch unseren Grill kostenlos zur Verf\u00fcgung, wenn der Hunger sich meldet. Sie m\u00fcssen nur Ihre eigenen Kohlen mitbringen. Es ist nicht notwendig, im voraus zu buchen, um Fu\u00dfballgolf zu spielen. Gr\u00f6\u00dfere Gruppen bitten wir jedoch, sich im Voraus mit uns in Verbindung zu setzen.<\/p>\n<p>Die \u00d6ffnungszeiten sind t\u00e4glich 10.00-21.00 Uhr.<\/p>\n\n\t\t<\/div>\n\t\t\t\t\t<\/div>\n\n\t\n\n\t<div id=\"col-1991528746\" class=\"col medium-4 small-12 large-4\"  >\n\t\t\t\t<div class=\"col-inner\" style=\"background-color:rgb(243, 243, 243);\" >\n\t\t\t\n\t\t\t\n\n\t<div id=\"text-2711008066\" class=\"text\">\n\t\t\n\nF\u00fcr das Fu\u00dfballgolfspiel ist keine Terminvereinbarung erforderlich. Du musst nur erscheinen.\r\n\r\nGr\u00f6\u00dferen Gruppen empfehlen wir jedoch, sich mit uns in Verbindung zu setzen.\r\n\r\nDie \u00d6ffnungszeiten sind t\u00e4glich von 10.00-21.00 Uhr.<\/span><\/pre>\n\t\t\n<style>\n#text-2711008066 {\n  line-height: 1.25;\n}\n<\/style>\n\t<\/div>\n\t\n\t<div id=\"text-3170021228\" class=\"text\">\n\t\t\n\n<strong>Bring den Essenskorb mit!<br \/>\r\nWir haben Grill kostenlos zur Verf\u00fcgung.<br \/>\r\n&#8211; Bringen Sie Ihre eigenen Kohlen mit.<\/strong>\n\t\t\n<style>\n#text-3170021228 {\n  text-align: left;\n}\n<\/style>\n\t<\/div>\n\t\n<a href=\"\/de\/fussballgolf\/preise\" class=\"button primary is-outline is-large reveal-icon expand\" >\n\t\t<span>Preise<\/span>\n\t<i class=\"icon-angle-right\" aria-hidden=\"true\"><\/i><\/a>\n\n\n<a href=\"\/de\/fussballgolf\/buchen\" class=\"button primary is-outline is-large reveal-icon expand\" >\n\t\t<span>Buchen<\/span>\n\t<i class=\"icon-angle-right\" aria-hidden=\"true\"><\/i><\/a>\n\n\n\n\t\t<\/div>\n\t\t\t\t\n<style>\n#col-1991528746 > .col-inner {\n  padding: 20px 20px 20px 20px;\n}\n<\/style>\n\t<\/div>\n\n\t\n\n<\/div>\n<div class=\"row row-collapse row-full-width\"  id=\"row-93878241\">\n\n\n\t<div id=\"col-2123065268\" class=\"col small-12 large-12\"  >\n\t\t\t\t<div class=\"col-inner\"  >\n\t\t\t\n\t\t\t\n\n\n\t<script type=\"text\/javascript\">\n  jQuery( document ).ready(function() {\n    function initialize() {\n        var styles = {\n            'flatsome':  [{\n            \"featureType\": \"administrative\",\n            \"stylers\": [\n              { \"visibility\": \"on\" }\n            ]\n          },\n          {\n            \"featureType\": \"road\",\n            \"stylers\": [\n              { \"visibility\": \"on\" },\n              { \"hue\": \"\" }\n            ]\n          },\n          {\n            \"stylers\": [\n\t\t\t  { \"visibility\": \"on\" },\n\t\t\t  { \"hue\": \"\" },\n\t\t\t  { \"saturation\": 18 }\n            ]\n          }\n        ]};\n\n        var myLatlng = new google.maps.LatLng(55.441713328737, 9.1485574290992);\n        var myOptions = {\n            zoom: 14,\n            center: myLatlng,\n            mapTypeId: google.maps.MapTypeId.ROADMAP,\n            disableDefaultUI: true,\n            mapTypeId: 'flatsome',\n            draggable: false,\n            zoomControl: false,\n            zoomControlOptions: {\n              position: google.maps.ControlPosition.TOP_LEFT\n            },\n      \t\t\tmapTypeControl: false,\n            mapTypeControlOptions: {\n              position: google.maps.ControlPosition.TOP_LEFT\n            },\n      \t\t\tstreetViewControl: false,\n            streetViewControlOptions: {\n              position: google.maps.ControlPosition.TOP_LEFT\n            },\n            scrollwheel: false,\n            disableDoubleClickZoom: true\n        }\n        var map = new google.maps.Map(document.getElementById(\"map-1886276671-inner\"), myOptions);\n        var styledMapType = new google.maps.StyledMapType(styles['flatsome'], {name: 'flatsome'});\n        map.mapTypes.set('flatsome', styledMapType);\n\n        var marker = new google.maps.Marker({\n            position: myLatlng,\n            map: map,\n            title:\"\"\n        });\n    }\n\n    \/\/ Required to proceed\n    if (!(typeof google === 'object' && typeof google.maps === 'object')) {\n      return\n    }\n\n    initialize()\n    google.maps.event.addDomListener(window, 'resize', initialize);\n    });\n    <\/script>\n\n    <div class=\"google-map relative mb\" id=\"map-1886276671\">\n        <div class=\"map-height\" id=\"map-1886276671-inner\"><\/div>\n        <div id=\"map_overlay_top\"><\/div>\n        <div id=\"map_overlay_bottom\"><\/div>\n         \n       \n<style>\n#map-1886276671 .map-inner {\n  background-color: #fff;\n  max-width: 100%;\n}\n#map-1886276671 .map-height {\n  height: 340px;\n}\n@media (min-width:550px) {\n  #map-1886276671 .map-inner {\n    max-width: 40%;\n  }\n}\n@media (min-width:850px) {\n  #map-1886276671 .map-inner {\n    max-width: 13%;\n  }\n}\n<\/style>\n    <\/div>\n\n\t\n\n\t\t<\/div>\n\t\t\t\t\t<\/div>\n\n\t\n\n<\/div>\n\n","protected":false},"excerpt":{"rendered":"","protected":false},"author":1,"featured_media":0,"parent":0,"menu_order":0,"comment_status":"closed","ping_status":"closed","template":"page-blank.php","meta":{"footnotes":""},"class_list":["post-633","page","type-page","status-publish","hentry"],"yoast_head":"<!-- This site is optimized with the Yoast SEO plugin v26.8 - https:\/\/yoast.com\/product\/yoast-seo-wordpress\/ -->\n<title>Fussballgolf<\/title>\n<meta name=\"robots\" content=\"index, follow, max-snippet:-1, max-image-preview:large, max-video-preview:-1\" \/>\n<link rel=\"canonical\" href=\"https:\/\/vejen-fodboldgolf.dk\/de\/fussballgolf\/\" \/>\n<meta property=\"og:locale\" content=\"de_DE\" \/>\n<meta property=\"og:type\" content=\"article\" \/>\n<meta property=\"og:title\" content=\"Fussballgolf\" \/>\n<meta property=\"og:url\" content=\"https:\/\/vejen-fodboldgolf.dk\/de\/fussballgolf\/\" \/>\n<meta property=\"og:site_name\" content=\"Vejen Fodboldgolf og Kanocenter\" \/>\n<meta property=\"article:modified_time\" content=\"2022-03-20T13:13:48+00:00\" \/>\n<meta name=\"twitter:card\" content=\"summary_large_image\" \/>\n<meta name=\"twitter:label1\" content=\"Gesch\u00e4tzte Lesezeit\" \/>\n\t<meta name=\"twitter:data1\" content=\"3\u00a0Minuten\" \/>\n<script type=\"application\/ld+json\" class=\"yoast-schema-graph\">{\"@context\":\"https:\/\/schema.org\",\"@graph\":[{\"@type\":\"WebPage\",\"@id\":\"https:\/\/vejen-fodboldgolf.dk\/de\/fussballgolf\/\",\"url\":\"https:\/\/vejen-fodboldgolf.dk\/de\/fussballgolf\/\",\"name\":\"Fussballgolf\",\"isPartOf\":{\"@id\":\"https:\/\/vejen-fodboldgolf.dk\/de\/#website\"},\"datePublished\":\"2022-02-18T07:07:41+00:00\",\"dateModified\":\"2022-03-20T13:13:48+00:00\",\"breadcrumb\":{\"@id\":\"https:\/\/vejen-fodboldgolf.dk\/de\/fussballgolf\/#breadcrumb\"},\"inLanguage\":\"de\",\"potentialAction\":[{\"@type\":\"ReadAction\",\"target\":[\"https:\/\/vejen-fodboldgolf.dk\/de\/fussballgolf\/\"]}]},{\"@type\":\"BreadcrumbList\",\"@id\":\"https:\/\/vejen-fodboldgolf.dk\/de\/fussballgolf\/#breadcrumb\",\"itemListElement\":[{\"@type\":\"ListItem\",\"position\":1,\"name\":\"Hjem\",\"item\":\"https:\/\/vejen-fodboldgolf.dk\/de\/\"},{\"@type\":\"ListItem\",\"position\":2,\"name\":\"Fussballgolf\"}]},{\"@type\":\"WebSite\",\"@id\":\"https:\/\/vejen-fodboldgolf.dk\/de\/#website\",\"url\":\"https:\/\/vejen-fodboldgolf.dk\/de\/\",\"name\":\"Vejen Fodboldgolf og Kanocenter\",\"description\":\"\",\"publisher\":{\"@id\":\"https:\/\/vejen-fodboldgolf.dk\/de\/#organization\"},\"potentialAction\":[{\"@type\":\"SearchAction\",\"target\":{\"@type\":\"EntryPoint\",\"urlTemplate\":\"https:\/\/vejen-fodboldgolf.dk\/de\/?s={search_term_string}\"},\"query-input\":{\"@type\":\"PropertyValueSpecification\",\"valueRequired\":true,\"valueName\":\"search_term_string\"}}],\"inLanguage\":\"de\"},{\"@type\":\"Organization\",\"@id\":\"https:\/\/vejen-fodboldgolf.dk\/de\/#organization\",\"name\":\"Vejen Fodboldgolf og kanocenter\",\"url\":\"https:\/\/vejen-fodboldgolf.dk\/de\/\",\"logo\":{\"@type\":\"ImageObject\",\"inLanguage\":\"de\",\"@id\":\"https:\/\/vejen-fodboldgolf.dk\/de\/#\/schema\/logo\/image\/\",\"url\":\"https:\/\/vejen-fodboldgolf.dk\/wp-content\/uploads\/2022\/02\/Hele-Logo-Vejen-Fodboldgolf-og-Kanocenter.jpg\",\"contentUrl\":\"https:\/\/vejen-fodboldgolf.dk\/wp-content\/uploads\/2022\/02\/Hele-Logo-Vejen-Fodboldgolf-og-Kanocenter.jpg\",\"width\":1358,\"height\":827,\"caption\":\"Vejen Fodboldgolf og kanocenter\"},\"image\":{\"@id\":\"https:\/\/vejen-fodboldgolf.dk\/de\/#\/schema\/logo\/image\/\"}}]}<\/script>\n<!-- \/ Yoast SEO plugin. -->","yoast_head_json":{"title":"Fussballgolf","robots":{"index":"index","follow":"follow","max-snippet":"max-snippet:-1","max-image-preview":"max-image-preview:large","max-video-preview":"max-video-preview:-1"},"canonical":"https:\/\/vejen-fodboldgolf.dk\/de\/fussballgolf\/","og_locale":"de_DE","og_type":"article","og_title":"Fussballgolf","og_url":"https:\/\/vejen-fodboldgolf.dk\/de\/fussballgolf\/","og_site_name":"Vejen Fodboldgolf og Kanocenter","article_modified_time":"2022-03-20T13:13:48+00:00","twitter_card":"summary_large_image","twitter_misc":{"Gesch\u00e4tzte Lesezeit":"3\u00a0Minuten"},"schema":{"@context":"https:\/\/schema.org","@graph":[{"@type":"WebPage","@id":"https:\/\/vejen-fodboldgolf.dk\/de\/fussballgolf\/","url":"https:\/\/vejen-fodboldgolf.dk\/de\/fussballgolf\/","name":"Fussballgolf","isPartOf":{"@id":"https:\/\/vejen-fodboldgolf.dk\/de\/#website"},"datePublished":"2022-02-18T07:07:41+00:00","dateModified":"2022-03-20T13:13:48+00:00","breadcrumb":{"@id":"https:\/\/vejen-fodboldgolf.dk\/de\/fussballgolf\/#breadcrumb"},"inLanguage":"de","potentialAction":[{"@type":"ReadAction","target":["https:\/\/vejen-fodboldgolf.dk\/de\/fussballgolf\/"]}]},{"@type":"BreadcrumbList","@id":"https:\/\/vejen-fodboldgolf.dk\/de\/fussballgolf\/#breadcrumb","itemListElement":[{"@type":"ListItem","position":1,"name":"Hjem","item":"https:\/\/vejen-fodboldgolf.dk\/de\/"},{"@type":"ListItem","position":2,"name":"Fussballgolf"}]},{"@type":"WebSite","@id":"https:\/\/vejen-fodboldgolf.dk\/de\/#website","url":"https:\/\/vejen-fodboldgolf.dk\/de\/","name":"Vejen Fodboldgolf og Kanocenter","description":"","publisher":{"@id":"https:\/\/vejen-fodboldgolf.dk\/de\/#organization"},"potentialAction":[{"@type":"SearchAction","target":{"@type":"EntryPoint","urlTemplate":"https:\/\/vejen-fodboldgolf.dk\/de\/?s={search_term_string}"},"query-input":{"@type":"PropertyValueSpecification","valueRequired":true,"valueName":"search_term_string"}}],"inLanguage":"de"},{"@type":"Organization","@id":"https:\/\/vejen-fodboldgolf.dk\/de\/#organization","name":"Vejen Fodboldgolf og kanocenter","url":"https:\/\/vejen-fodboldgolf.dk\/de\/","logo":{"@type":"ImageObject","inLanguage":"de","@id":"https:\/\/vejen-fodboldgolf.dk\/de\/#\/schema\/logo\/image\/","url":"https:\/\/vejen-fodboldgolf.dk\/wp-content\/uploads\/2022\/02\/Hele-Logo-Vejen-Fodboldgolf-og-Kanocenter.jpg","contentUrl":"https:\/\/vejen-fodboldgolf.dk\/wp-content\/uploads\/2022\/02\/Hele-Logo-Vejen-Fodboldgolf-og-Kanocenter.jpg","width":1358,"height":827,"caption":"Vejen Fodboldgolf og kanocenter"},"image":{"@id":"https:\/\/vejen-fodboldgolf.dk\/de\/#\/schema\/logo\/image\/"}}]}},"_links":{"self":[{"href":"https:\/\/vejen-fodboldgolf.dk\/de\/wp-json\/wp\/v2\/pages\/633","targetHints":{"allow":["GET"]}}],"collection":[{"href":"https:\/\/vejen-fodboldgolf.dk\/de\/wp-json\/wp\/v2\/pages"}],"about":[{"href":"https:\/\/vejen-fodboldgolf.dk\/de\/wp-json\/wp\/v2\/types\/page"}],"author":[{"embeddable":true,"href":"https:\/\/vejen-fodboldgolf.dk\/de\/wp-json\/wp\/v2\/users\/1"}],"replies":[{"embeddable":true,"href":"https:\/\/vejen-fodboldgolf.dk\/de\/wp-json\/wp\/v2\/comments?post=633"}],"version-history":[{"count":7,"href":"https:\/\/vejen-fodboldgolf.dk\/de\/wp-json\/wp\/v2\/pages\/633\/revisions"}],"predecessor-version":[{"id":948,"href":"https:\/\/vejen-fodboldgolf.dk\/de\/wp-json\/wp\/v2\/pages\/633\/revisions\/948"}],"wp:attachment":[{"href":"https:\/\/vejen-fodboldgolf.dk\/de\/wp-json\/wp\/v2\/media?parent=633"}],"curies":[{"name":"wp","href":"https:\/\/api.w.org\/{rel}","templated":true}]}}