{"id":639,"date":"2022-02-19T09:30:17","date_gmt":"2022-02-19T09:30:17","guid":{"rendered":"http:\/\/vejen-fodboldgolf.dk.linux140.unoeuro-server.com\/fussballgolf\/buchen\/"},"modified":"2022-04-13T12:19:09","modified_gmt":"2022-04-13T12:19:09","slug":"buchen","status":"publish","type":"page","link":"https:\/\/vejen-fodboldgolf.dk\/de\/fussballgolf\/buchen\/","title":{"rendered":"Buchen"},"content":{"rendered":"\n<div class=\"slider-wrapper relative\" id=\"slider-1842459350\" >\n    <div class=\"slider slider-nav-circle slider-nav-large slider-nav-light slider-style-normal\"\n        data-flickity-options='{\n            \"cellAlign\": \"center\",\n            \"imagesLoaded\": true,\n            \"lazyLoad\": 1,\n            \"freeScroll\": false,\n            \"wrapAround\": true,\n            \"autoPlay\": 6000,\n            \"pauseAutoPlayOnHover\" : true,\n            \"prevNextButtons\": true,\n            \"contain\" : true,\n            \"adaptiveHeight\" : true,\n            \"dragThreshold\" : 10,\n            \"percentPosition\": true,\n            \"pageDots\": true,\n            \"rightToLeft\": false,\n            \"draggable\": true,\n            \"selectedAttraction\": 0.1,\n            \"parallax\" : 0,\n            \"friction\": 0.6        }'\n        >\n        \n\n\n  <div class=\"banner has-hover\" id=\"banner-1505716294\">\n          <div class=\"banner-inner fill\">\n        <div class=\"banner-bg fill\" >\n            <img loading=\"lazy\" decoding=\"async\" width=\"2560\" height=\"1920\" src=\"https:\/\/vejen-fodboldgolf.dk\/wp-content\/uploads\/2022\/02\/IMG_8665-scaled.jpg\" class=\"bg attachment-original size-original\" alt=\"\" \/>                        <div class=\"overlay\"><\/div>            \n                    <\/div>\n\t\t\n        <div class=\"banner-layers container\">\n            <div class=\"fill banner-link\"><\/div>            \n\n   <div id=\"text-box-1630048211\" class=\"text-box banner-layer x50 md-x50 lg-x50 y50 md-y50 lg-y50 res-text\">\n                     <div data-animate=\"flipInY\">           <div class=\"text-box-content text dark\">\n              \n              <div class=\"text-inner text-center\">\n                  \n\n<div class=\"is-divider divider clearfix\" style=\"margin-top:3px;margin-bottom:3px;\"><\/div>\n\n<h1 class=\"h-large uppercase\">Vejen Fodboldgolf<br \/>\n\u2013 Buchen<\/h1>\n<div class=\"is-divider divider clearfix\" ><\/div>\n\n<a href=\"\/de\/fussballgolf\/preise\/\" class=\"button white is-outline\" >\n\t\t<span>Preise<\/span>\n\t<\/a>\n\n\n<a href=\"\/de\/kontakt\" class=\"button white is-outline\" >\n\t\t<span>Kontaktiere uns<\/span>\n\t<\/a>\n\n\n\n              <\/div>\n           <\/div>\n       <\/div>                     \n<style>\n#text-box-1630048211 {\n  width: 100%;\n}\n#text-box-1630048211 .text-box-content {\n  font-size: 100%;\n}\n@media (min-width:550px) {\n  #text-box-1630048211 {\n    width: 70%;\n  }\n}\n<\/style>\n    <\/div>\n \n\n        <\/div>\n      <\/div>\n\n            \n<style>\n#banner-1505716294 {\n  padding-top: 400px;\n}\n#banner-1505716294 .overlay {\n  background-color: rgba(0, 0, 0, 0.02);\n}\n#banner-1505716294 .banner-bg img {\n  object-position: 58% 63%;\n}\n<\/style>\n  <\/div>\n\n\n\n     <\/div>\n\n     <div class=\"loading-spin dark large centered\"><\/div>\n\n\t<\/div>\n\n\n<div class=\"row\"  id=\"row-201129911\">\n\n\n\t<div id=\"col-453436954\" class=\"col medium-6 small-12 large-6\"  >\n\t\t\t\t<div class=\"col-inner\"  >\n\t\t\t\n\t\t\t\n\n<p>Eine Spielzeit auf dem Fu\u00dfballgolfplatz muss nicht im Voraus gebucht werden. Sie k\u00f6nnen einfach kommen und den Platz benutzen. Bei gr\u00f6\u00dferen Veranstaltungen bitten wir Sie jedoch darum, uns im Voraus zu kontaktieren. <\/p>\n<p>E-Mail: <a href=\"mailto:info@vejen-fodboldgolf.dk\">info@vejen-fodboldgolf.dk<\/a><br \/>\nTlf.: <a href=\"tel:29647356\">29 64 73 56<\/a><\/p>\n<p>Bitte geben Sie an, um welche Veranstaltung es sich handelt \u2013 es k\u00f6nnte beispielsweise ein Junggesellenabschied, ein Geburtstag oder \u00e4hnliches sein. Bitte teilen Sie uns auch mit, wie viele Personen kommen, und ob Sie auch unseren Partyraum buchen m\u00f6chten. Wir freuen uns auf Ihre Anfrage, die wir schnellstm\u00f6glich beantworten werden.<\/p>\n<p>Wenn Sie ein Kanu bestellen m\u00f6chten, verweisen wir auf die Booking-Seite unter dem Men\u00fcpunkt \u201cKanuverleih\u201d auf unserer Website.<\/p>\n\n\t\t<\/div>\n\t\t\t\t\t<\/div>\n\n\t\n\n\n<style>\n#row-201129911 > .col > .col-inner {\n  padding: 20px 20px 20px 20px;\n}\n<\/style>\n<\/div>\n<div class=\"row row-collapse row-full-width\"  id=\"row-36651987\">\n\n\n\t<div id=\"col-1314904046\" class=\"col small-12 large-12\"  >\n\t\t\t\t<div class=\"col-inner\"  >\n\t\t\t\n\t\t\t\n\n\n\t<script type=\"text\/javascript\">\n  jQuery( document ).ready(function() {\n    function initialize() {\n        var styles = {\n            'flatsome':  [{\n            \"featureType\": \"administrative\",\n            \"stylers\": [\n              { \"visibility\": \"on\" }\n            ]\n          },\n          {\n            \"featureType\": \"road\",\n            \"stylers\": [\n              { \"visibility\": \"on\" },\n              { \"hue\": \"\" }\n            ]\n          },\n          {\n            \"stylers\": [\n\t\t\t  { \"visibility\": \"on\" },\n\t\t\t  { \"hue\": \"\" },\n\t\t\t  { \"saturation\": 18 }\n            ]\n          }\n        ]};\n\n        var myLatlng = new google.maps.LatLng(55.441713328737, 9.1485574290992);\n        var myOptions = {\n            zoom: 14,\n            center: myLatlng,\n            mapTypeId: google.maps.MapTypeId.ROADMAP,\n            disableDefaultUI: true,\n            mapTypeId: 'flatsome',\n            draggable: false,\n            zoomControl: false,\n            zoomControlOptions: {\n              position: google.maps.ControlPosition.TOP_LEFT\n            },\n      \t\t\tmapTypeControl: false,\n            mapTypeControlOptions: {\n              position: google.maps.ControlPosition.TOP_LEFT\n            },\n      \t\t\tstreetViewControl: false,\n            streetViewControlOptions: {\n              position: google.maps.ControlPosition.TOP_LEFT\n            },\n            scrollwheel: false,\n            disableDoubleClickZoom: true\n        }\n        var map = new google.maps.Map(document.getElementById(\"map-2347439551-inner\"), myOptions);\n        var styledMapType = new google.maps.StyledMapType(styles['flatsome'], {name: 'flatsome'});\n        map.mapTypes.set('flatsome', styledMapType);\n\n        var marker = new google.maps.Marker({\n            position: myLatlng,\n            map: map,\n            title:\"\"\n        });\n    }\n\n    \/\/ Required to proceed\n    if (!(typeof google === 'object' && typeof google.maps === 'object')) {\n      return\n    }\n\n    initialize()\n    google.maps.event.addDomListener(window, 'resize', initialize);\n    });\n    <\/script>\n\n    <div class=\"google-map relative mb\" id=\"map-2347439551\">\n        <div class=\"map-height\" id=\"map-2347439551-inner\"><\/div>\n        <div id=\"map_overlay_top\"><\/div>\n        <div id=\"map_overlay_bottom\"><\/div>\n         \n       \n<style>\n#map-2347439551 .map-inner {\n  background-color: #fff;\n  max-width: 100%;\n}\n#map-2347439551 .map-height {\n  height: 340px;\n}\n@media (min-width:550px) {\n  #map-2347439551 .map-inner {\n    max-width: 40%;\n  }\n}\n@media (min-width:850px) {\n  #map-2347439551 .map-inner {\n    max-width: 13%;\n  }\n}\n<\/style>\n    <\/div>\n\n\t\n\n\t\t<\/div>\n\t\t\t\t\t<\/div>\n\n\t\n\n<\/div>\n\n","protected":false},"excerpt":{"rendered":"","protected":false},"author":1,"featured_media":0,"parent":633,"menu_order":0,"comment_status":"closed","ping_status":"closed","template":"page-blank.php","meta":{"footnotes":""},"class_list":["post-639","page","type-page","status-publish","hentry"],"yoast_head":"<!-- This site is optimized with the Yoast SEO plugin v26.8 - https:\/\/yoast.com\/product\/yoast-seo-wordpress\/ -->\n<title>Buchen<\/title>\n<meta name=\"robots\" content=\"index, follow, max-snippet:-1, max-image-preview:large, max-video-preview:-1\" \/>\n<link rel=\"canonical\" href=\"https:\/\/vejen-fodboldgolf.dk\/de\/fussballgolf\/buchen\/\" \/>\n<meta property=\"og:locale\" content=\"de_DE\" \/>\n<meta property=\"og:type\" content=\"article\" \/>\n<meta property=\"og:title\" content=\"Buchen\" \/>\n<meta property=\"og:url\" content=\"https:\/\/vejen-fodboldgolf.dk\/de\/fussballgolf\/buchen\/\" \/>\n<meta property=\"og:site_name\" content=\"Vejen Fodboldgolf og Kanocenter\" \/>\n<meta property=\"article:modified_time\" content=\"2022-04-13T12:19:09+00:00\" \/>\n<meta name=\"twitter:card\" content=\"summary_large_image\" \/>\n<meta name=\"twitter:label1\" content=\"Gesch\u00e4tzte Lesezeit\" \/>\n\t<meta name=\"twitter:data1\" content=\"1\u00a0Minute\" \/>\n<script type=\"application\/ld+json\" class=\"yoast-schema-graph\">{\"@context\":\"https:\/\/schema.org\",\"@graph\":[{\"@type\":\"WebPage\",\"@id\":\"https:\/\/vejen-fodboldgolf.dk\/de\/fussballgolf\/buchen\/\",\"url\":\"https:\/\/vejen-fodboldgolf.dk\/de\/fussballgolf\/buchen\/\",\"name\":\"Buchen\",\"isPartOf\":{\"@id\":\"https:\/\/vejen-fodboldgolf.dk\/de\/#website\"},\"datePublished\":\"2022-02-19T09:30:17+00:00\",\"dateModified\":\"2022-04-13T12:19:09+00:00\",\"breadcrumb\":{\"@id\":\"https:\/\/vejen-fodboldgolf.dk\/de\/fussballgolf\/buchen\/#breadcrumb\"},\"inLanguage\":\"de\",\"potentialAction\":[{\"@type\":\"ReadAction\",\"target\":[\"https:\/\/vejen-fodboldgolf.dk\/de\/fussballgolf\/buchen\/\"]}]},{\"@type\":\"BreadcrumbList\",\"@id\":\"https:\/\/vejen-fodboldgolf.dk\/de\/fussballgolf\/buchen\/#breadcrumb\",\"itemListElement\":[{\"@type\":\"ListItem\",\"position\":1,\"name\":\"Hjem\",\"item\":\"https:\/\/vejen-fodboldgolf.dk\/de\/\"},{\"@type\":\"ListItem\",\"position\":2,\"name\":\"Fussballgolf\",\"item\":\"https:\/\/vejen-fodboldgolf.dk\/de\/fussballgolf\/\"},{\"@type\":\"ListItem\",\"position\":3,\"name\":\"Buchen\"}]},{\"@type\":\"WebSite\",\"@id\":\"https:\/\/vejen-fodboldgolf.dk\/de\/#website\",\"url\":\"https:\/\/vejen-fodboldgolf.dk\/de\/\",\"name\":\"Vejen Fodboldgolf og Kanocenter\",\"description\":\"\",\"publisher\":{\"@id\":\"https:\/\/vejen-fodboldgolf.dk\/de\/#organization\"},\"potentialAction\":[{\"@type\":\"SearchAction\",\"target\":{\"@type\":\"EntryPoint\",\"urlTemplate\":\"https:\/\/vejen-fodboldgolf.dk\/de\/?s={search_term_string}\"},\"query-input\":{\"@type\":\"PropertyValueSpecification\",\"valueRequired\":true,\"valueName\":\"search_term_string\"}}],\"inLanguage\":\"de\"},{\"@type\":\"Organization\",\"@id\":\"https:\/\/vejen-fodboldgolf.dk\/de\/#organization\",\"name\":\"Vejen Fodboldgolf og kanocenter\",\"url\":\"https:\/\/vejen-fodboldgolf.dk\/de\/\",\"logo\":{\"@type\":\"ImageObject\",\"inLanguage\":\"de\",\"@id\":\"https:\/\/vejen-fodboldgolf.dk\/de\/#\/schema\/logo\/image\/\",\"url\":\"https:\/\/vejen-fodboldgolf.dk\/wp-content\/uploads\/2022\/02\/Hele-Logo-Vejen-Fodboldgolf-og-Kanocenter.jpg\",\"contentUrl\":\"https:\/\/vejen-fodboldgolf.dk\/wp-content\/uploads\/2022\/02\/Hele-Logo-Vejen-Fodboldgolf-og-Kanocenter.jpg\",\"width\":1358,\"height\":827,\"caption\":\"Vejen Fodboldgolf og kanocenter\"},\"image\":{\"@id\":\"https:\/\/vejen-fodboldgolf.dk\/de\/#\/schema\/logo\/image\/\"}}]}<\/script>\n<!-- \/ Yoast SEO plugin. -->","yoast_head_json":{"title":"Buchen","robots":{"index":"index","follow":"follow","max-snippet":"max-snippet:-1","max-image-preview":"max-image-preview:large","max-video-preview":"max-video-preview:-1"},"canonical":"https:\/\/vejen-fodboldgolf.dk\/de\/fussballgolf\/buchen\/","og_locale":"de_DE","og_type":"article","og_title":"Buchen","og_url":"https:\/\/vejen-fodboldgolf.dk\/de\/fussballgolf\/buchen\/","og_site_name":"Vejen Fodboldgolf og Kanocenter","article_modified_time":"2022-04-13T12:19:09+00:00","twitter_card":"summary_large_image","twitter_misc":{"Gesch\u00e4tzte Lesezeit":"1\u00a0Minute"},"schema":{"@context":"https:\/\/schema.org","@graph":[{"@type":"WebPage","@id":"https:\/\/vejen-fodboldgolf.dk\/de\/fussballgolf\/buchen\/","url":"https:\/\/vejen-fodboldgolf.dk\/de\/fussballgolf\/buchen\/","name":"Buchen","isPartOf":{"@id":"https:\/\/vejen-fodboldgolf.dk\/de\/#website"},"datePublished":"2022-02-19T09:30:17+00:00","dateModified":"2022-04-13T12:19:09+00:00","breadcrumb":{"@id":"https:\/\/vejen-fodboldgolf.dk\/de\/fussballgolf\/buchen\/#breadcrumb"},"inLanguage":"de","potentialAction":[{"@type":"ReadAction","target":["https:\/\/vejen-fodboldgolf.dk\/de\/fussballgolf\/buchen\/"]}]},{"@type":"BreadcrumbList","@id":"https:\/\/vejen-fodboldgolf.dk\/de\/fussballgolf\/buchen\/#breadcrumb","itemListElement":[{"@type":"ListItem","position":1,"name":"Hjem","item":"https:\/\/vejen-fodboldgolf.dk\/de\/"},{"@type":"ListItem","position":2,"name":"Fussballgolf","item":"https:\/\/vejen-fodboldgolf.dk\/de\/fussballgolf\/"},{"@type":"ListItem","position":3,"name":"Buchen"}]},{"@type":"WebSite","@id":"https:\/\/vejen-fodboldgolf.dk\/de\/#website","url":"https:\/\/vejen-fodboldgolf.dk\/de\/","name":"Vejen Fodboldgolf og Kanocenter","description":"","publisher":{"@id":"https:\/\/vejen-fodboldgolf.dk\/de\/#organization"},"potentialAction":[{"@type":"SearchAction","target":{"@type":"EntryPoint","urlTemplate":"https:\/\/vejen-fodboldgolf.dk\/de\/?s={search_term_string}"},"query-input":{"@type":"PropertyValueSpecification","valueRequired":true,"valueName":"search_term_string"}}],"inLanguage":"de"},{"@type":"Organization","@id":"https:\/\/vejen-fodboldgolf.dk\/de\/#organization","name":"Vejen Fodboldgolf og kanocenter","url":"https:\/\/vejen-fodboldgolf.dk\/de\/","logo":{"@type":"ImageObject","inLanguage":"de","@id":"https:\/\/vejen-fodboldgolf.dk\/de\/#\/schema\/logo\/image\/","url":"https:\/\/vejen-fodboldgolf.dk\/wp-content\/uploads\/2022\/02\/Hele-Logo-Vejen-Fodboldgolf-og-Kanocenter.jpg","contentUrl":"https:\/\/vejen-fodboldgolf.dk\/wp-content\/uploads\/2022\/02\/Hele-Logo-Vejen-Fodboldgolf-og-Kanocenter.jpg","width":1358,"height":827,"caption":"Vejen Fodboldgolf og kanocenter"},"image":{"@id":"https:\/\/vejen-fodboldgolf.dk\/de\/#\/schema\/logo\/image\/"}}]}},"_links":{"self":[{"href":"https:\/\/vejen-fodboldgolf.dk\/de\/wp-json\/wp\/v2\/pages\/639","targetHints":{"allow":["GET"]}}],"collection":[{"href":"https:\/\/vejen-fodboldgolf.dk\/de\/wp-json\/wp\/v2\/pages"}],"about":[{"href":"https:\/\/vejen-fodboldgolf.dk\/de\/wp-json\/wp\/v2\/types\/page"}],"author":[{"embeddable":true,"href":"https:\/\/vejen-fodboldgolf.dk\/de\/wp-json\/wp\/v2\/users\/1"}],"replies":[{"embeddable":true,"href":"https:\/\/vejen-fodboldgolf.dk\/de\/wp-json\/wp\/v2\/comments?post=639"}],"version-history":[{"count":4,"href":"https:\/\/vejen-fodboldgolf.dk\/de\/wp-json\/wp\/v2\/pages\/639\/revisions"}],"predecessor-version":[{"id":1466,"href":"https:\/\/vejen-fodboldgolf.dk\/de\/wp-json\/wp\/v2\/pages\/639\/revisions\/1466"}],"up":[{"embeddable":true,"href":"https:\/\/vejen-fodboldgolf.dk\/de\/wp-json\/wp\/v2\/pages\/633"}],"wp:attachment":[{"href":"https:\/\/vejen-fodboldgolf.dk\/de\/wp-json\/wp\/v2\/media?parent=639"}],"curies":[{"name":"wp","href":"https:\/\/api.w.org\/{rel}","templated":true}]}}