{"id":659,"date":"2022-03-06T10:56:31","date_gmt":"2022-03-06T10:56:31","guid":{"rendered":"http:\/\/vejen-fodboldgolf.dk.linux140.unoeuro-server.com\/kanuzentrum\/regeln-ratschlaege\/"},"modified":"2022-03-20T13:08:45","modified_gmt":"2022-03-20T13:08:45","slug":"regeln-ratschlaege","status":"publish","type":"page","link":"https:\/\/vejen-fodboldgolf.dk\/de\/kanuzentrum\/regeln-ratschlaege\/","title":{"rendered":"Regeln &#038; Ratschl\u00e4ge"},"content":{"rendered":"\n<div class=\"slider-wrapper relative\" id=\"slider-912707018\" >\n    <div class=\"slider slider-nav-circle slider-nav-large slider-nav-light slider-style-normal\"\n        data-flickity-options='{\n            \"cellAlign\": \"center\",\n            \"imagesLoaded\": true,\n            \"lazyLoad\": 1,\n            \"freeScroll\": false,\n            \"wrapAround\": true,\n            \"autoPlay\": 6000,\n            \"pauseAutoPlayOnHover\" : true,\n            \"prevNextButtons\": true,\n            \"contain\" : true,\n            \"adaptiveHeight\" : true,\n            \"dragThreshold\" : 10,\n            \"percentPosition\": true,\n            \"pageDots\": true,\n            \"rightToLeft\": false,\n            \"draggable\": true,\n            \"selectedAttraction\": 0.1,\n            \"parallax\" : 0,\n            \"friction\": 0.6        }'\n        >\n        \n\n\n  <div class=\"banner has-hover\" id=\"banner-702762090\">\n          <div class=\"banner-inner fill\">\n        <div class=\"banner-bg fill\" >\n            <img loading=\"lazy\" decoding=\"async\" width=\"2560\" height=\"1920\" src=\"https:\/\/vejen-fodboldgolf.dk\/wp-content\/uploads\/2022\/02\/IMG_8633-scaled.jpg\" class=\"bg attachment-original size-original\" alt=\"\" \/>                        <div class=\"overlay\"><\/div>            \n                    <\/div>\n\t\t\n        <div class=\"banner-layers container\">\n            <div class=\"fill banner-link\"><\/div>            \n\n   <div id=\"text-box-601137207\" class=\"text-box banner-layer x50 md-x50 lg-x50 y50 md-y50 lg-y50 res-text\">\n                     <div data-animate=\"flipInY\">           <div class=\"text-box-content text dark\">\n              \n              <div class=\"text-inner text-center\">\n                  \n\n<div class=\"is-divider divider clearfix\" style=\"margin-top:3px;margin-bottom:3px;\"><\/div>\n\n<h1 class=\"h-large uppercase\">Regeln &amp; Ratschl\u00e4ge<\/h1>\n<div class=\"is-divider divider clearfix\" ><\/div>\n\n<a href=\"\/de\/kontakt\" class=\"button white is-outline\" >\n\t\t<span>Kontaktiere uns<\/span>\n\t<\/a>\n\n\n\n              <\/div>\n           <\/div>\n       <\/div>                     \n<style>\n#text-box-601137207 {\n  width: 100%;\n}\n#text-box-601137207 .text-box-content {\n  font-size: 100%;\n}\n@media (min-width:550px) {\n  #text-box-601137207 {\n    width: 70%;\n  }\n}\n<\/style>\n    <\/div>\n \n\n        <\/div>\n      <\/div>\n\n            \n<style>\n#banner-702762090 {\n  padding-top: 400px;\n}\n#banner-702762090 .overlay {\n  background-color: rgba(0, 0, 0, 0.02);\n}\n#banner-702762090 .banner-bg img {\n  object-position: 46% 51%;\n}\n<\/style>\n  <\/div>\n\n\n\n     <\/div>\n\n     <div class=\"loading-spin dark large centered\"><\/div>\n\n\t<\/div>\n\n\n<div class=\"row\"  id=\"row-822727472\">\n\n\n\t<div id=\"col-816698459\" class=\"col medium-8 small-12 large-8\"  >\n\t\t\t\t<div class=\"col-inner\"  >\n\t\t\t\n\t\t\t\n\n<h1>Regeln &#038; Ratschl\u00e4ge<\/h1>\n<p>Entlang der Flussauen S\u00fcdj\u00fctlands gibt es viele Zeltpl\u00e4tze mit Toilettenanlagen und Feuerstellen. Landungen, Verkehr und Aufenthalt auf privaten Grundst\u00fccken darf nur nach Absprache mit den Eigent\u00fcmern erfolgen. Befolgen Sie beim \u00dcberqueren von Barrieren die Anweisungen. Werfen Sie bitte keinen M\u00fcll in die Natur, sondern nehmen Sie ihn mit.<\/p>\n<p>Das Kanufahren darf die Wasserl\u00e4ufe nicht belasten oder beeintr\u00e4chtigen. Es ist verboten, den Grund und die Ufer der Wasserl\u00e4ufe zu besch\u00e4digen. Das Besch\u00e4digen der Vegetation und die St\u00f6rung der Tierwelt in und um die Wasserl\u00e4ufe ist ebenfalls verboten. Es ist auch verboten, in Schilfw\u00e4ldern zu segeln.<\/p>\n<p>Sie d\u00fcrfen beim Kanufahren ebenfalls nicht andere Nutzer der Wasserl\u00e4ufe st\u00f6ren. Lautes und provokantes Verhalten ist daher verboten. Das Segeln mit verbundenen Kanus sowie Rennen sind ebenfalls nicht erlaubt. Geangelt werden darf nur mit g\u00fcltigem Angelschein.<\/p>\n<p>Lesen Sie mehr \u00fcber Ratschl\u00e4ge und Regeln in der Brosch\u00fcre Segeln und gute Ratschl\u00e4ge zum Kanufahren auf den Fl\u00fcssen S\u00fcdj\u00fctlands. <a href=\"https:\/\/www.kanocenter-syd.dk\/uf\/100000_109999\/109055\/7389363606fc47b43b9434334ccb10c4.pdf\">Klicken Sie hier<\/a>!<\/p>\n\n\t\t<\/div>\n\t\t\t\t\t<\/div>\n\n\t\n\n\t<div id=\"col-564634802\" class=\"col medium-4 small-12 large-4\"  >\n\t\t\t\t<div class=\"col-inner\" style=\"background-color:rgb(243, 243, 243);\" >\n\t\t\t\n\t\t\t\n\n<a href=\"\/de\/kanuzentrum\/buchen\" class=\"button primary is-outline is-large reveal-icon expand\" >\n\t\t<span>Buchen<\/span>\n\t<i class=\"icon-angle-right\" aria-hidden=\"true\"><\/i><\/a>\n\n\n<a href=\"\/de\/kanuzentrum\/reise-planen\" class=\"button primary is-outline is-large reveal-icon expand\" >\n\t\t<span>Reise planen<\/span>\n\t<i class=\"icon-angle-right\" aria-hidden=\"true\"><\/i><\/a>\n\n\n<a href=\"\/de\/kanuzentrum\/flusse\" class=\"button primary is-outline is-large reveal-icon expand\" >\n\t\t<span>Fl\u00fcsse<\/span>\n\t<i class=\"icon-angle-right\" aria-hidden=\"true\"><\/i><\/a>\n\n\n<a href=\"\/de\/kanuzentrum\/karte\/\" class=\"button primary is-outline is-large reveal-icon expand\" >\n\t\t<span>Karte<\/span>\n\t<i class=\"icon-angle-right\" aria-hidden=\"true\"><\/i><\/a>\n\n\n\n\t\t<\/div>\n\t\t\t\t\n<style>\n#col-564634802 > .col-inner {\n  padding: 20px 20px 20px 20px;\n}\n<\/style>\n\t<\/div>\n\n\t\n\n<\/div>\n<div class=\"row row-collapse row-full-width\"  id=\"row-1578531643\">\n\n\n\t<div id=\"col-187298478\" class=\"col small-12 large-12\"  >\n\t\t\t\t<div class=\"col-inner\"  >\n\t\t\t\n\t\t\t\n\n\n\t<script type=\"text\/javascript\">\n  jQuery( document ).ready(function() {\n    function initialize() {\n        var styles = {\n            'flatsome':  [{\n            \"featureType\": \"administrative\",\n            \"stylers\": [\n              { \"visibility\": \"on\" }\n            ]\n          },\n          {\n            \"featureType\": \"road\",\n            \"stylers\": [\n              { \"visibility\": \"on\" },\n              { \"hue\": \"\" }\n            ]\n          },\n          {\n            \"stylers\": [\n\t\t\t  { \"visibility\": \"on\" },\n\t\t\t  { \"hue\": \"\" },\n\t\t\t  { \"saturation\": 18 }\n            ]\n          }\n        ]};\n\n        var myLatlng = new google.maps.LatLng(55.441713328737, 9.1485574290992);\n        var myOptions = {\n            zoom: 14,\n            center: myLatlng,\n            mapTypeId: google.maps.MapTypeId.ROADMAP,\n            disableDefaultUI: true,\n            mapTypeId: 'flatsome',\n            draggable: false,\n            zoomControl: false,\n            zoomControlOptions: {\n              position: google.maps.ControlPosition.TOP_LEFT\n            },\n      \t\t\tmapTypeControl: false,\n            mapTypeControlOptions: {\n              position: google.maps.ControlPosition.TOP_LEFT\n            },\n      \t\t\tstreetViewControl: false,\n            streetViewControlOptions: {\n              position: google.maps.ControlPosition.TOP_LEFT\n            },\n            scrollwheel: false,\n            disableDoubleClickZoom: true\n        }\n        var map = new google.maps.Map(document.getElementById(\"map-1636752487-inner\"), myOptions);\n        var styledMapType = new google.maps.StyledMapType(styles['flatsome'], {name: 'flatsome'});\n        map.mapTypes.set('flatsome', styledMapType);\n\n        var marker = new google.maps.Marker({\n            position: myLatlng,\n            map: map,\n            title:\"\"\n        });\n    }\n\n    \/\/ Required to proceed\n    if (!(typeof google === 'object' && typeof google.maps === 'object')) {\n      return\n    }\n\n    initialize()\n    google.maps.event.addDomListener(window, 'resize', initialize);\n    });\n    <\/script>\n\n    <div class=\"google-map relative mb\" id=\"map-1636752487\">\n        <div class=\"map-height\" id=\"map-1636752487-inner\"><\/div>\n        <div id=\"map_overlay_top\"><\/div>\n        <div id=\"map_overlay_bottom\"><\/div>\n         \n       \n<style>\n#map-1636752487 .map-inner {\n  background-color: #fff;\n  max-width: 100%;\n}\n#map-1636752487 .map-height {\n  height: 340px;\n}\n@media (min-width:550px) {\n  #map-1636752487 .map-inner {\n    max-width: 40%;\n  }\n}\n@media (min-width:850px) {\n  #map-1636752487 .map-inner {\n    max-width: 13%;\n  }\n}\n<\/style>\n    <\/div>\n\n\t\n\n\t\t<\/div>\n\t\t\t\t\t<\/div>\n\n\t\n\n<\/div>\n\n","protected":false},"excerpt":{"rendered":"","protected":false},"author":1,"featured_media":0,"parent":649,"menu_order":0,"comment_status":"closed","ping_status":"closed","template":"page-blank.php","meta":{"footnotes":""},"class_list":["post-659","page","type-page","status-publish","hentry"],"yoast_head":"<!-- This site is optimized with the Yoast SEO plugin v26.8 - https:\/\/yoast.com\/product\/yoast-seo-wordpress\/ -->\n<title>Regeln &amp; Ratschl\u00e4ge<\/title>\n<meta name=\"robots\" content=\"index, follow, max-snippet:-1, max-image-preview:large, max-video-preview:-1\" \/>\n<link rel=\"canonical\" href=\"https:\/\/vejen-fodboldgolf.dk\/de\/kanuzentrum\/regeln-ratschlaege\/\" \/>\n<meta property=\"og:locale\" content=\"de_DE\" \/>\n<meta property=\"og:type\" content=\"article\" \/>\n<meta property=\"og:title\" content=\"Regeln &amp; Ratschl\u00e4ge\" \/>\n<meta property=\"og:url\" content=\"https:\/\/vejen-fodboldgolf.dk\/de\/kanuzentrum\/regeln-ratschlaege\/\" \/>\n<meta property=\"og:site_name\" content=\"Vejen Fodboldgolf og Kanocenter\" \/>\n<meta property=\"article:modified_time\" content=\"2022-03-20T13:08:45+00:00\" \/>\n<meta name=\"twitter:card\" content=\"summary_large_image\" \/>\n<meta name=\"twitter:label1\" content=\"Gesch\u00e4tzte Lesezeit\" \/>\n\t<meta name=\"twitter:data1\" content=\"2\u00a0Minuten\" \/>\n<script type=\"application\/ld+json\" class=\"yoast-schema-graph\">{\"@context\":\"https:\/\/schema.org\",\"@graph\":[{\"@type\":\"WebPage\",\"@id\":\"https:\/\/vejen-fodboldgolf.dk\/de\/kanuzentrum\/regeln-ratschlaege\/\",\"url\":\"https:\/\/vejen-fodboldgolf.dk\/de\/kanuzentrum\/regeln-ratschlaege\/\",\"name\":\"Regeln & Ratschl\u00e4ge\",\"isPartOf\":{\"@id\":\"https:\/\/vejen-fodboldgolf.dk\/de\/#website\"},\"datePublished\":\"2022-03-06T10:56:31+00:00\",\"dateModified\":\"2022-03-20T13:08:45+00:00\",\"breadcrumb\":{\"@id\":\"https:\/\/vejen-fodboldgolf.dk\/de\/kanuzentrum\/regeln-ratschlaege\/#breadcrumb\"},\"inLanguage\":\"de\",\"potentialAction\":[{\"@type\":\"ReadAction\",\"target\":[\"https:\/\/vejen-fodboldgolf.dk\/de\/kanuzentrum\/regeln-ratschlaege\/\"]}]},{\"@type\":\"BreadcrumbList\",\"@id\":\"https:\/\/vejen-fodboldgolf.dk\/de\/kanuzentrum\/regeln-ratschlaege\/#breadcrumb\",\"itemListElement\":[{\"@type\":\"ListItem\",\"position\":1,\"name\":\"Hjem\",\"item\":\"https:\/\/vejen-fodboldgolf.dk\/de\/\"},{\"@type\":\"ListItem\",\"position\":2,\"name\":\"Kanuzentrum\",\"item\":\"https:\/\/vejen-fodboldgolf.dk\/de\/kanuzentrum\/\"},{\"@type\":\"ListItem\",\"position\":3,\"name\":\"Regeln &#038; Ratschl\u00e4ge\"}]},{\"@type\":\"WebSite\",\"@id\":\"https:\/\/vejen-fodboldgolf.dk\/de\/#website\",\"url\":\"https:\/\/vejen-fodboldgolf.dk\/de\/\",\"name\":\"Vejen Fodboldgolf og Kanocenter\",\"description\":\"\",\"publisher\":{\"@id\":\"https:\/\/vejen-fodboldgolf.dk\/de\/#organization\"},\"potentialAction\":[{\"@type\":\"SearchAction\",\"target\":{\"@type\":\"EntryPoint\",\"urlTemplate\":\"https:\/\/vejen-fodboldgolf.dk\/de\/?s={search_term_string}\"},\"query-input\":{\"@type\":\"PropertyValueSpecification\",\"valueRequired\":true,\"valueName\":\"search_term_string\"}}],\"inLanguage\":\"de\"},{\"@type\":\"Organization\",\"@id\":\"https:\/\/vejen-fodboldgolf.dk\/de\/#organization\",\"name\":\"Vejen Fodboldgolf og kanocenter\",\"url\":\"https:\/\/vejen-fodboldgolf.dk\/de\/\",\"logo\":{\"@type\":\"ImageObject\",\"inLanguage\":\"de\",\"@id\":\"https:\/\/vejen-fodboldgolf.dk\/de\/#\/schema\/logo\/image\/\",\"url\":\"https:\/\/vejen-fodboldgolf.dk\/wp-content\/uploads\/2022\/02\/Hele-Logo-Vejen-Fodboldgolf-og-Kanocenter.jpg\",\"contentUrl\":\"https:\/\/vejen-fodboldgolf.dk\/wp-content\/uploads\/2022\/02\/Hele-Logo-Vejen-Fodboldgolf-og-Kanocenter.jpg\",\"width\":1358,\"height\":827,\"caption\":\"Vejen Fodboldgolf og kanocenter\"},\"image\":{\"@id\":\"https:\/\/vejen-fodboldgolf.dk\/de\/#\/schema\/logo\/image\/\"}}]}<\/script>\n<!-- \/ Yoast SEO plugin. -->","yoast_head_json":{"title":"Regeln & Ratschl\u00e4ge","robots":{"index":"index","follow":"follow","max-snippet":"max-snippet:-1","max-image-preview":"max-image-preview:large","max-video-preview":"max-video-preview:-1"},"canonical":"https:\/\/vejen-fodboldgolf.dk\/de\/kanuzentrum\/regeln-ratschlaege\/","og_locale":"de_DE","og_type":"article","og_title":"Regeln & Ratschl\u00e4ge","og_url":"https:\/\/vejen-fodboldgolf.dk\/de\/kanuzentrum\/regeln-ratschlaege\/","og_site_name":"Vejen Fodboldgolf og Kanocenter","article_modified_time":"2022-03-20T13:08:45+00:00","twitter_card":"summary_large_image","twitter_misc":{"Gesch\u00e4tzte Lesezeit":"2\u00a0Minuten"},"schema":{"@context":"https:\/\/schema.org","@graph":[{"@type":"WebPage","@id":"https:\/\/vejen-fodboldgolf.dk\/de\/kanuzentrum\/regeln-ratschlaege\/","url":"https:\/\/vejen-fodboldgolf.dk\/de\/kanuzentrum\/regeln-ratschlaege\/","name":"Regeln & Ratschl\u00e4ge","isPartOf":{"@id":"https:\/\/vejen-fodboldgolf.dk\/de\/#website"},"datePublished":"2022-03-06T10:56:31+00:00","dateModified":"2022-03-20T13:08:45+00:00","breadcrumb":{"@id":"https:\/\/vejen-fodboldgolf.dk\/de\/kanuzentrum\/regeln-ratschlaege\/#breadcrumb"},"inLanguage":"de","potentialAction":[{"@type":"ReadAction","target":["https:\/\/vejen-fodboldgolf.dk\/de\/kanuzentrum\/regeln-ratschlaege\/"]}]},{"@type":"BreadcrumbList","@id":"https:\/\/vejen-fodboldgolf.dk\/de\/kanuzentrum\/regeln-ratschlaege\/#breadcrumb","itemListElement":[{"@type":"ListItem","position":1,"name":"Hjem","item":"https:\/\/vejen-fodboldgolf.dk\/de\/"},{"@type":"ListItem","position":2,"name":"Kanuzentrum","item":"https:\/\/vejen-fodboldgolf.dk\/de\/kanuzentrum\/"},{"@type":"ListItem","position":3,"name":"Regeln &#038; Ratschl\u00e4ge"}]},{"@type":"WebSite","@id":"https:\/\/vejen-fodboldgolf.dk\/de\/#website","url":"https:\/\/vejen-fodboldgolf.dk\/de\/","name":"Vejen Fodboldgolf og Kanocenter","description":"","publisher":{"@id":"https:\/\/vejen-fodboldgolf.dk\/de\/#organization"},"potentialAction":[{"@type":"SearchAction","target":{"@type":"EntryPoint","urlTemplate":"https:\/\/vejen-fodboldgolf.dk\/de\/?s={search_term_string}"},"query-input":{"@type":"PropertyValueSpecification","valueRequired":true,"valueName":"search_term_string"}}],"inLanguage":"de"},{"@type":"Organization","@id":"https:\/\/vejen-fodboldgolf.dk\/de\/#organization","name":"Vejen Fodboldgolf og kanocenter","url":"https:\/\/vejen-fodboldgolf.dk\/de\/","logo":{"@type":"ImageObject","inLanguage":"de","@id":"https:\/\/vejen-fodboldgolf.dk\/de\/#\/schema\/logo\/image\/","url":"https:\/\/vejen-fodboldgolf.dk\/wp-content\/uploads\/2022\/02\/Hele-Logo-Vejen-Fodboldgolf-og-Kanocenter.jpg","contentUrl":"https:\/\/vejen-fodboldgolf.dk\/wp-content\/uploads\/2022\/02\/Hele-Logo-Vejen-Fodboldgolf-og-Kanocenter.jpg","width":1358,"height":827,"caption":"Vejen Fodboldgolf og kanocenter"},"image":{"@id":"https:\/\/vejen-fodboldgolf.dk\/de\/#\/schema\/logo\/image\/"}}]}},"_links":{"self":[{"href":"https:\/\/vejen-fodboldgolf.dk\/de\/wp-json\/wp\/v2\/pages\/659","targetHints":{"allow":["GET"]}}],"collection":[{"href":"https:\/\/vejen-fodboldgolf.dk\/de\/wp-json\/wp\/v2\/pages"}],"about":[{"href":"https:\/\/vejen-fodboldgolf.dk\/de\/wp-json\/wp\/v2\/types\/page"}],"author":[{"embeddable":true,"href":"https:\/\/vejen-fodboldgolf.dk\/de\/wp-json\/wp\/v2\/users\/1"}],"replies":[{"embeddable":true,"href":"https:\/\/vejen-fodboldgolf.dk\/de\/wp-json\/wp\/v2\/comments?post=659"}],"version-history":[{"count":4,"href":"https:\/\/vejen-fodboldgolf.dk\/de\/wp-json\/wp\/v2\/pages\/659\/revisions"}],"predecessor-version":[{"id":941,"href":"https:\/\/vejen-fodboldgolf.dk\/de\/wp-json\/wp\/v2\/pages\/659\/revisions\/941"}],"up":[{"embeddable":true,"href":"https:\/\/vejen-fodboldgolf.dk\/de\/wp-json\/wp\/v2\/pages\/649"}],"wp:attachment":[{"href":"https:\/\/vejen-fodboldgolf.dk\/de\/wp-json\/wp\/v2\/media?parent=659"}],"curies":[{"name":"wp","href":"https:\/\/api.w.org\/{rel}","templated":true}]}}