{"id":663,"date":"2022-02-23T06:49:37","date_gmt":"2022-02-23T06:49:37","guid":{"rendered":"http:\/\/vejen-fodboldgolf.dk.linux140.unoeuro-server.com\/ueber-uns\/"},"modified":"2022-03-20T13:19:40","modified_gmt":"2022-03-20T13:19:40","slug":"ueber-uns","status":"publish","type":"page","link":"https:\/\/vejen-fodboldgolf.dk\/de\/ueber-uns\/","title":{"rendered":"\u00dcber uns"},"content":{"rendered":"\n<div class=\"slider-wrapper relative\" id=\"slider-1020311161\" >\n    <div class=\"slider slider-nav-circle slider-nav-large slider-nav-light slider-style-normal\"\n        data-flickity-options='{\n            \"cellAlign\": \"center\",\n            \"imagesLoaded\": true,\n            \"lazyLoad\": 1,\n            \"freeScroll\": false,\n            \"wrapAround\": true,\n            \"autoPlay\": 6000,\n            \"pauseAutoPlayOnHover\" : true,\n            \"prevNextButtons\": true,\n            \"contain\" : true,\n            \"adaptiveHeight\" : true,\n            \"dragThreshold\" : 10,\n            \"percentPosition\": true,\n            \"pageDots\": true,\n            \"rightToLeft\": false,\n            \"draggable\": true,\n            \"selectedAttraction\": 0.1,\n            \"parallax\" : 0,\n            \"friction\": 0.6        }'\n        >\n        \n\n\n  <div class=\"banner has-hover\" id=\"banner-2054904659\">\n          <div class=\"banner-inner fill\">\n        <div class=\"banner-bg fill\" >\n            <img loading=\"lazy\" decoding=\"async\" width=\"2560\" height=\"1920\" src=\"https:\/\/vejen-fodboldgolf.dk\/wp-content\/uploads\/2022\/02\/IMG_8759-scaled.jpg\" class=\"bg attachment-original size-original\" alt=\"\" \/>                        <div class=\"overlay\"><\/div>            \n                    <\/div>\n\t\t\n        <div class=\"banner-layers container\">\n            <div class=\"fill banner-link\"><\/div>            \n\n   <div id=\"text-box-2085141259\" class=\"text-box banner-layer x50 md-x50 lg-x50 y50 md-y50 lg-y50 res-text\">\n                     <div data-animate=\"flipInY\">           <div class=\"text-box-content text dark\">\n              \n              <div class=\"text-inner text-center\">\n                  \n\n<div class=\"is-divider divider clearfix\" style=\"margin-top:3px;margin-bottom:3px;\"><\/div>\n\n<h1 class=\"h-large uppercase\">\u00dcber uns<\/h1>\n<h3> \u2013 Vejen Fodboldgolf &amp; Kanocenter<\/h3>\n<div class=\"is-divider divider clearfix\" ><\/div>\n\n<a href=\"\/de\/kontakt\" class=\"button white is-outline\" >\n\t\t<span>Kontaktiere uns<\/span>\n\t<\/a>\n\n\n\n              <\/div>\n           <\/div>\n       <\/div>                     \n<style>\n#text-box-2085141259 {\n  width: 100%;\n}\n#text-box-2085141259 .text-box-content {\n  font-size: 100%;\n}\n@media (min-width:550px) {\n  #text-box-2085141259 {\n    width: 70%;\n  }\n}\n<\/style>\n    <\/div>\n \n\n        <\/div>\n      <\/div>\n\n            \n<style>\n#banner-2054904659 {\n  padding-top: 400px;\n}\n#banner-2054904659 .overlay {\n  background-color: rgba(0, 0, 0, 0.02);\n}\n#banner-2054904659 .banner-bg img {\n  object-position: 58% 63%;\n}\n<\/style>\n  <\/div>\n\n\n\n     <\/div>\n\n     <div class=\"loading-spin dark large centered\"><\/div>\n\n\t<\/div>\n\n\n<div class=\"row\"  id=\"row-1675378594\">\n\n\n\t<div id=\"col-933742721\" class=\"col medium-8 small-12 large-8\"  >\n\t\t\t\t<div class=\"col-inner\"  >\n\t\t\t\n\t\t\t\n\n<p>Fu\u00dfballgolf ist ein toller Sport, bei dem Sie sich selbst, Kollegen, gute Freunde und Familie in gem\u00fctlicher und sch\u00f6ner Umgebung herausfordern k\u00f6nnen. In Vejen Fodboldgolf &amp; Kanocenter k\u00f6nnen Sie mit Konge\u00e5en und H\u00e6rvejen als Nachbarn Fu\u00dfballgolf spielen. Dar\u00fcber hinaus verf\u00fcgen wir \u00fcber Einrichtungen wie Lagerfeuerh\u00fctte, Shelters, Clubhaus und Partyraum, die einen sch\u00f6nen Rahmen um Ihre Veranstaltungen bilden k\u00f6nnen.<\/p>\n<p>Seit der Saison 2019 ist Kanocenter Syd auch Teil von Vejen Fodboldgolf &amp; Kanocenter. Das bedeutet, dass Sie jetzt noch mehr M\u00f6glichkeiten haben, sich in der einzigartigen Natur entlang der wundersch\u00f6nen s\u00fcdj\u00fctl\u00e4ndischen Flussauen zu vergn\u00fcgen und aktiv zu sein.<\/p>\n<p>Haben Sie Fragen zu unserem Fu\u00dfballgolfplatz, Kanuverleih oder \u00dcbernachtungsm\u00f6glichkeiten? Dann kontaktieren Sie uns per E-Mail <a href=\"mailto:info@vejen-fodboldgolf.dk\">info@vejen-fodboldgolf.dk<\/a> oder telefonisch unter <a href=\"tel:29 64 73 56\">29 64 73 56<\/a>.<\/p>\n<p><strong>Sie finden uns hier:<\/strong><br \/>\nVejen Fodboldgolf og Kanocenter<br \/>\nHaderslevvej 7<br \/>\n6630 R\u00f8dding<\/p>\n\n\t\t<\/div>\n\t\t\t\t\t<\/div>\n\n\t\n\n\t<div id=\"col-1391603717\" class=\"col medium-4 small-12 large-4\"  >\n\t\t<div class=\"is-sticky-column\"><div class=\"is-sticky-column__inner\">\t\t<div class=\"col-inner\"  >\n\t\t\t\n\t\t\t\n\n<a href=\"\/de\/fussballgolf\" class=\"button primary is-outline is-large reveal-icon expand\" >\n\t\t<span>Fu\u00dfballgolf<\/span>\n\t<i class=\"icon-angle-right\" aria-hidden=\"true\"><\/i><\/a>\n\n\n<a href=\"\/de\/kanuzentrum\/\" class=\"button primary is-outline is-large reveal-icon expand\" >\n\t\t<span>Kanuzentrum<\/span>\n\t<i class=\"icon-angle-right\" aria-hidden=\"true\"><\/i><\/a>\n\n\n<a href=\"\/de\/kontakt\" class=\"button primary is-outline is-large reveal-icon expand\" >\n\t\t<span>Kontaktiere uns<\/span>\n\t<i class=\"icon-angle-right\" aria-hidden=\"true\"><\/i><\/a>\n\n\n\n\t\t<\/div>\n\t\t<\/div><\/div>\t\t\n<style>\n#col-1391603717 > .is-sticky-column > .is-sticky-column__inner > .col-inner {\n  padding: 20px 20px 20px 20px;\n}\n<\/style>\n\t<\/div>\n\n\t\n\n<\/div>\n<div class=\"row row-collapse row-full-width\"  id=\"row-992409254\">\n\n\n\t<div id=\"col-1920444384\" class=\"col small-12 large-12\"  >\n\t\t\t\t<div class=\"col-inner\"  >\n\t\t\t\n\t\t\t\n\n\n\t<script type=\"text\/javascript\">\n  jQuery( document ).ready(function() {\n    function initialize() {\n        var styles = {\n            'flatsome':  [{\n            \"featureType\": \"administrative\",\n            \"stylers\": [\n              { \"visibility\": \"on\" }\n            ]\n          },\n          {\n            \"featureType\": \"road\",\n            \"stylers\": [\n              { \"visibility\": \"on\" },\n              { \"hue\": \"\" }\n            ]\n          },\n          {\n            \"stylers\": [\n\t\t\t  { \"visibility\": \"on\" },\n\t\t\t  { \"hue\": \"\" },\n\t\t\t  { \"saturation\": 18 }\n            ]\n          }\n        ]};\n\n        var myLatlng = new google.maps.LatLng(55.441713328737, 9.1485574290992);\n        var myOptions = {\n            zoom: 14,\n            center: myLatlng,\n            mapTypeId: google.maps.MapTypeId.ROADMAP,\n            disableDefaultUI: true,\n            mapTypeId: 'flatsome',\n            draggable: false,\n            zoomControl: false,\n            zoomControlOptions: {\n              position: google.maps.ControlPosition.TOP_LEFT\n            },\n      \t\t\tmapTypeControl: false,\n            mapTypeControlOptions: {\n              position: google.maps.ControlPosition.TOP_LEFT\n            },\n      \t\t\tstreetViewControl: false,\n            streetViewControlOptions: {\n              position: google.maps.ControlPosition.TOP_LEFT\n            },\n            scrollwheel: false,\n            disableDoubleClickZoom: true\n        }\n        var map = new google.maps.Map(document.getElementById(\"map-2812874611-inner\"), myOptions);\n        var styledMapType = new google.maps.StyledMapType(styles['flatsome'], {name: 'flatsome'});\n        map.mapTypes.set('flatsome', styledMapType);\n\n        var marker = new google.maps.Marker({\n            position: myLatlng,\n            map: map,\n            title:\"\"\n        });\n    }\n\n    \/\/ Required to proceed\n    if (!(typeof google === 'object' && typeof google.maps === 'object')) {\n      return\n    }\n\n    initialize()\n    google.maps.event.addDomListener(window, 'resize', initialize);\n    });\n    <\/script>\n\n    <div class=\"google-map relative mb\" id=\"map-2812874611\">\n        <div class=\"map-height\" id=\"map-2812874611-inner\"><\/div>\n        <div id=\"map_overlay_top\"><\/div>\n        <div id=\"map_overlay_bottom\"><\/div>\n         \n       \n<style>\n#map-2812874611 .map-inner {\n  background-color: #fff;\n  max-width: 100%;\n}\n#map-2812874611 .map-height {\n  height: 340px;\n}\n@media (min-width:550px) {\n  #map-2812874611 .map-inner {\n    max-width: 40%;\n  }\n}\n@media (min-width:850px) {\n  #map-2812874611 .map-inner {\n    max-width: 13%;\n  }\n}\n<\/style>\n    <\/div>\n\n\t\n\n\t\t<\/div>\n\t\t\t\t\t<\/div>\n\n\t\n\n<\/div>\n\n","protected":false},"excerpt":{"rendered":"","protected":false},"author":1,"featured_media":0,"parent":0,"menu_order":0,"comment_status":"closed","ping_status":"closed","template":"page-blank.php","meta":{"footnotes":""},"class_list":["post-663","page","type-page","status-publish","hentry"],"yoast_head":"<!-- This site is optimized with the Yoast SEO plugin v26.8 - https:\/\/yoast.com\/product\/yoast-seo-wordpress\/ -->\n<title>\u00dcber uns<\/title>\n<meta name=\"robots\" content=\"index, follow, max-snippet:-1, max-image-preview:large, max-video-preview:-1\" \/>\n<link rel=\"canonical\" href=\"https:\/\/vejen-fodboldgolf.dk\/de\/ueber-uns\/\" \/>\n<meta property=\"og:locale\" content=\"de_DE\" \/>\n<meta property=\"og:type\" content=\"article\" \/>\n<meta property=\"og:title\" content=\"\u00dcber uns\" \/>\n<meta property=\"og:url\" content=\"https:\/\/vejen-fodboldgolf.dk\/de\/ueber-uns\/\" \/>\n<meta property=\"og:site_name\" content=\"Vejen Fodboldgolf og Kanocenter\" \/>\n<meta property=\"article:modified_time\" content=\"2022-03-20T13:19:40+00:00\" \/>\n<meta name=\"twitter:card\" content=\"summary_large_image\" \/>\n<meta name=\"twitter:label1\" content=\"Gesch\u00e4tzte Lesezeit\" \/>\n\t<meta name=\"twitter:data1\" content=\"2\u00a0Minuten\" \/>\n<script type=\"application\/ld+json\" class=\"yoast-schema-graph\">{\"@context\":\"https:\/\/schema.org\",\"@graph\":[{\"@type\":\"WebPage\",\"@id\":\"https:\/\/vejen-fodboldgolf.dk\/de\/ueber-uns\/\",\"url\":\"https:\/\/vejen-fodboldgolf.dk\/de\/ueber-uns\/\",\"name\":\"\u00dcber uns\",\"isPartOf\":{\"@id\":\"https:\/\/vejen-fodboldgolf.dk\/de\/#website\"},\"datePublished\":\"2022-02-23T06:49:37+00:00\",\"dateModified\":\"2022-03-20T13:19:40+00:00\",\"breadcrumb\":{\"@id\":\"https:\/\/vejen-fodboldgolf.dk\/de\/ueber-uns\/#breadcrumb\"},\"inLanguage\":\"de\",\"potentialAction\":[{\"@type\":\"ReadAction\",\"target\":[\"https:\/\/vejen-fodboldgolf.dk\/de\/ueber-uns\/\"]}]},{\"@type\":\"BreadcrumbList\",\"@id\":\"https:\/\/vejen-fodboldgolf.dk\/de\/ueber-uns\/#breadcrumb\",\"itemListElement\":[{\"@type\":\"ListItem\",\"position\":1,\"name\":\"Hjem\",\"item\":\"https:\/\/vejen-fodboldgolf.dk\/de\/\"},{\"@type\":\"ListItem\",\"position\":2,\"name\":\"\u00dcber uns\"}]},{\"@type\":\"WebSite\",\"@id\":\"https:\/\/vejen-fodboldgolf.dk\/de\/#website\",\"url\":\"https:\/\/vejen-fodboldgolf.dk\/de\/\",\"name\":\"Vejen Fodboldgolf og Kanocenter\",\"description\":\"\",\"publisher\":{\"@id\":\"https:\/\/vejen-fodboldgolf.dk\/de\/#organization\"},\"potentialAction\":[{\"@type\":\"SearchAction\",\"target\":{\"@type\":\"EntryPoint\",\"urlTemplate\":\"https:\/\/vejen-fodboldgolf.dk\/de\/?s={search_term_string}\"},\"query-input\":{\"@type\":\"PropertyValueSpecification\",\"valueRequired\":true,\"valueName\":\"search_term_string\"}}],\"inLanguage\":\"de\"},{\"@type\":\"Organization\",\"@id\":\"https:\/\/vejen-fodboldgolf.dk\/de\/#organization\",\"name\":\"Vejen Fodboldgolf og kanocenter\",\"url\":\"https:\/\/vejen-fodboldgolf.dk\/de\/\",\"logo\":{\"@type\":\"ImageObject\",\"inLanguage\":\"de\",\"@id\":\"https:\/\/vejen-fodboldgolf.dk\/de\/#\/schema\/logo\/image\/\",\"url\":\"https:\/\/vejen-fodboldgolf.dk\/wp-content\/uploads\/2022\/02\/Hele-Logo-Vejen-Fodboldgolf-og-Kanocenter.jpg\",\"contentUrl\":\"https:\/\/vejen-fodboldgolf.dk\/wp-content\/uploads\/2022\/02\/Hele-Logo-Vejen-Fodboldgolf-og-Kanocenter.jpg\",\"width\":1358,\"height\":827,\"caption\":\"Vejen Fodboldgolf og kanocenter\"},\"image\":{\"@id\":\"https:\/\/vejen-fodboldgolf.dk\/de\/#\/schema\/logo\/image\/\"}}]}<\/script>\n<!-- \/ Yoast SEO plugin. -->","yoast_head_json":{"title":"\u00dcber uns","robots":{"index":"index","follow":"follow","max-snippet":"max-snippet:-1","max-image-preview":"max-image-preview:large","max-video-preview":"max-video-preview:-1"},"canonical":"https:\/\/vejen-fodboldgolf.dk\/de\/ueber-uns\/","og_locale":"de_DE","og_type":"article","og_title":"\u00dcber uns","og_url":"https:\/\/vejen-fodboldgolf.dk\/de\/ueber-uns\/","og_site_name":"Vejen Fodboldgolf og Kanocenter","article_modified_time":"2022-03-20T13:19:40+00:00","twitter_card":"summary_large_image","twitter_misc":{"Gesch\u00e4tzte Lesezeit":"2\u00a0Minuten"},"schema":{"@context":"https:\/\/schema.org","@graph":[{"@type":"WebPage","@id":"https:\/\/vejen-fodboldgolf.dk\/de\/ueber-uns\/","url":"https:\/\/vejen-fodboldgolf.dk\/de\/ueber-uns\/","name":"\u00dcber uns","isPartOf":{"@id":"https:\/\/vejen-fodboldgolf.dk\/de\/#website"},"datePublished":"2022-02-23T06:49:37+00:00","dateModified":"2022-03-20T13:19:40+00:00","breadcrumb":{"@id":"https:\/\/vejen-fodboldgolf.dk\/de\/ueber-uns\/#breadcrumb"},"inLanguage":"de","potentialAction":[{"@type":"ReadAction","target":["https:\/\/vejen-fodboldgolf.dk\/de\/ueber-uns\/"]}]},{"@type":"BreadcrumbList","@id":"https:\/\/vejen-fodboldgolf.dk\/de\/ueber-uns\/#breadcrumb","itemListElement":[{"@type":"ListItem","position":1,"name":"Hjem","item":"https:\/\/vejen-fodboldgolf.dk\/de\/"},{"@type":"ListItem","position":2,"name":"\u00dcber uns"}]},{"@type":"WebSite","@id":"https:\/\/vejen-fodboldgolf.dk\/de\/#website","url":"https:\/\/vejen-fodboldgolf.dk\/de\/","name":"Vejen Fodboldgolf og Kanocenter","description":"","publisher":{"@id":"https:\/\/vejen-fodboldgolf.dk\/de\/#organization"},"potentialAction":[{"@type":"SearchAction","target":{"@type":"EntryPoint","urlTemplate":"https:\/\/vejen-fodboldgolf.dk\/de\/?s={search_term_string}"},"query-input":{"@type":"PropertyValueSpecification","valueRequired":true,"valueName":"search_term_string"}}],"inLanguage":"de"},{"@type":"Organization","@id":"https:\/\/vejen-fodboldgolf.dk\/de\/#organization","name":"Vejen Fodboldgolf og kanocenter","url":"https:\/\/vejen-fodboldgolf.dk\/de\/","logo":{"@type":"ImageObject","inLanguage":"de","@id":"https:\/\/vejen-fodboldgolf.dk\/de\/#\/schema\/logo\/image\/","url":"https:\/\/vejen-fodboldgolf.dk\/wp-content\/uploads\/2022\/02\/Hele-Logo-Vejen-Fodboldgolf-og-Kanocenter.jpg","contentUrl":"https:\/\/vejen-fodboldgolf.dk\/wp-content\/uploads\/2022\/02\/Hele-Logo-Vejen-Fodboldgolf-og-Kanocenter.jpg","width":1358,"height":827,"caption":"Vejen Fodboldgolf og kanocenter"},"image":{"@id":"https:\/\/vejen-fodboldgolf.dk\/de\/#\/schema\/logo\/image\/"}}]}},"_links":{"self":[{"href":"https:\/\/vejen-fodboldgolf.dk\/de\/wp-json\/wp\/v2\/pages\/663","targetHints":{"allow":["GET"]}}],"collection":[{"href":"https:\/\/vejen-fodboldgolf.dk\/de\/wp-json\/wp\/v2\/pages"}],"about":[{"href":"https:\/\/vejen-fodboldgolf.dk\/de\/wp-json\/wp\/v2\/types\/page"}],"author":[{"embeddable":true,"href":"https:\/\/vejen-fodboldgolf.dk\/de\/wp-json\/wp\/v2\/users\/1"}],"replies":[{"embeddable":true,"href":"https:\/\/vejen-fodboldgolf.dk\/de\/wp-json\/wp\/v2\/comments?post=663"}],"version-history":[{"count":6,"href":"https:\/\/vejen-fodboldgolf.dk\/de\/wp-json\/wp\/v2\/pages\/663\/revisions"}],"predecessor-version":[{"id":958,"href":"https:\/\/vejen-fodboldgolf.dk\/de\/wp-json\/wp\/v2\/pages\/663\/revisions\/958"}],"wp:attachment":[{"href":"https:\/\/vejen-fodboldgolf.dk\/de\/wp-json\/wp\/v2\/media?parent=663"}],"curies":[{"name":"wp","href":"https:\/\/api.w.org\/{rel}","templated":true}]}}