{"id":671,"date":"2022-02-22T20:36:02","date_gmt":"2022-02-22T20:36:02","guid":{"rendered":"http:\/\/vejen-fodboldgolf.dk.linux140.unoeuro-server.com\/wanderrouten\/haervejen\/"},"modified":"2022-03-20T13:21:39","modified_gmt":"2022-03-20T13:21:39","slug":"haervejen","status":"publish","type":"page","link":"https:\/\/vejen-fodboldgolf.dk\/de\/wanderrouten\/haervejen\/","title":{"rendered":"H\u00e6rvejen"},"content":{"rendered":"\n<div class=\"slider-wrapper relative\" id=\"slider-336682721\" >\n    <div class=\"slider slider-nav-circle slider-nav-large slider-nav-light slider-style-normal\"\n        data-flickity-options='{\n            \"cellAlign\": \"center\",\n            \"imagesLoaded\": true,\n            \"lazyLoad\": 1,\n            \"freeScroll\": false,\n            \"wrapAround\": true,\n            \"autoPlay\": 6000,\n            \"pauseAutoPlayOnHover\" : true,\n            \"prevNextButtons\": true,\n            \"contain\" : true,\n            \"adaptiveHeight\" : true,\n            \"dragThreshold\" : 10,\n            \"percentPosition\": true,\n            \"pageDots\": true,\n            \"rightToLeft\": false,\n            \"draggable\": true,\n            \"selectedAttraction\": 0.1,\n            \"parallax\" : 0,\n            \"friction\": 0.6        }'\n        >\n        \n\n\n  <div class=\"banner has-hover\" id=\"banner-542642880\">\n          <div class=\"banner-inner fill\">\n        <div class=\"banner-bg fill\" >\n            <img loading=\"lazy\" decoding=\"async\" width=\"1350\" height=\"900\" src=\"https:\/\/vejen-fodboldgolf.dk\/wp-content\/uploads\/2022\/02\/Haervejen-1.jpeg\" class=\"bg attachment-original size-original\" alt=\"\" \/>                        <div class=\"overlay\"><\/div>            \n                    <\/div>\n\t\t\n        <div class=\"banner-layers container\">\n            <div class=\"fill banner-link\"><\/div>            \n\n   <div id=\"text-box-977212697\" class=\"text-box banner-layer x50 md-x50 lg-x50 y50 md-y50 lg-y50 res-text\">\n                     <div data-animate=\"flipInY\">           <div class=\"text-box-content text dark\">\n              \n              <div class=\"text-inner text-center\">\n                  \n\n<div class=\"is-divider divider clearfix\" style=\"margin-top:3px;margin-bottom:3px;\"><\/div>\n\n<h1>H\u00e6rvejen<\/h1>\n<div class=\"is-divider divider clearfix\" ><\/div>\n\n\n              <\/div>\n           <\/div>\n       <\/div>                     \n<style>\n#text-box-977212697 {\n  width: 100%;\n}\n#text-box-977212697 .text-box-content {\n  font-size: 100%;\n}\n@media (min-width:550px) {\n  #text-box-977212697 {\n    width: 70%;\n  }\n}\n<\/style>\n    <\/div>\n \n\n        <\/div>\n      <\/div>\n\n            \n<style>\n#banner-542642880 {\n  padding-top: 400px;\n}\n#banner-542642880 .overlay {\n  background-color: rgba(0, 0, 0, 0.02);\n}\n#banner-542642880 .banner-bg img {\n  object-position: 73% 69%;\n}\n<\/style>\n  <\/div>\n\n\n\n     <\/div>\n\n     <div class=\"loading-spin dark large centered\"><\/div>\n\n\t<\/div>\n\n\n<div class=\"row\"  id=\"row-1567443080\">\n\n\n\t<div id=\"col-455269580\" class=\"col medium-8 small-12 large-8\"  >\n\t\t\t\t<div class=\"col-inner\"  >\n\t\t\t\n\t\t\t\n\n<p>Bei einer Wandertour auf dem H\u00e6rvejen erleben Sie J\u00fctland von seinem alten R\u00fcckgrat. Offene Wiesen und Moore werden von wundersch\u00f6nen K\u00fcsten, Flusst\u00e4lern und gro\u00dfen W\u00e4ldern abgel\u00f6st. Kurz gesagt ist eine Wandertour auf dem H\u00e6rvejen ein fantastisches Erlebnis f\u00fcr Freunde und Familien mit einer Vorliebe f\u00fcr Outdoor- und Naturerlebnisse. <a href=\"https:\/\/www.haervej.dk\/haervejen\/vandreferie\">Auf dieser Seite k\u00f6nnen Sie mehr \u00fcber Wanderferien auf H\u00e6rvejen lesen. <\/a><\/p>\n\n\t\t<\/div>\n\t\t\t\t\t<\/div>\n\n\t\n\n\t<div id=\"col-1038548438\" class=\"col medium-4 small-12 large-4\"  >\n\t\t\t\t<div class=\"col-inner\" style=\"background-color:rgb(243, 243, 243);\" >\n\t\t\t\n\t\t\t\n\n<a href=\"\/de\/wanderrouten\/kongeaastien\/\" class=\"button primary is-outline is-large reveal-icon expand\" >\n\t\t<span>Konge\u00e5stien<\/span>\n\t<i class=\"icon-angle-right\" aria-hidden=\"true\"><\/i><\/a>\n\n\n<a href=\"\/de\/wanderrouten\/haervejen\/\" class=\"button primary is-outline is-large reveal-icon expand\" >\n\t\t<span>H\u00e6rvejen<\/span>\n\t<i class=\"icon-angle-right\" aria-hidden=\"true\"><\/i><\/a>\n\n\n<a href=\"\/de\/wanderrouten\/camino-froes-herred\/\" class=\"button primary is-outline is-large reveal-icon expand\" >\n\t\t<span>Camino Fr\u00f8s Herred<\/span>\n\t<i class=\"icon-angle-right\" aria-hidden=\"true\"><\/i><\/a>\n\n\n\n\t\t<\/div>\n\t\t\t\t\n<style>\n#col-1038548438 > .col-inner {\n  padding: 20px 20px 20px 20px;\n}\n<\/style>\n\t<\/div>\n\n\t\n\n<\/div>\n<div class=\"row row-collapse row-full-width\"  id=\"row-257554412\">\n\n\n\t<div id=\"col-978609304\" class=\"col small-12 large-12\"  >\n\t\t\t\t<div class=\"col-inner\"  >\n\t\t\t\n\t\t\t\n\n\n\t<script type=\"text\/javascript\">\n  jQuery( document ).ready(function() {\n    function initialize() {\n        var styles = {\n            'flatsome':  [{\n            \"featureType\": \"administrative\",\n            \"stylers\": [\n              { \"visibility\": \"on\" }\n            ]\n          },\n          {\n            \"featureType\": \"road\",\n            \"stylers\": [\n              { \"visibility\": \"on\" },\n              { \"hue\": \"\" }\n            ]\n          },\n          {\n            \"stylers\": [\n\t\t\t  { \"visibility\": \"on\" },\n\t\t\t  { \"hue\": \"\" },\n\t\t\t  { \"saturation\": 18 }\n            ]\n          }\n        ]};\n\n        var myLatlng = new google.maps.LatLng(55.441713328737, 9.1485574290992);\n        var myOptions = {\n            zoom: 14,\n            center: myLatlng,\n            mapTypeId: google.maps.MapTypeId.ROADMAP,\n            disableDefaultUI: true,\n            mapTypeId: 'flatsome',\n            draggable: false,\n            zoomControl: false,\n            zoomControlOptions: {\n              position: google.maps.ControlPosition.TOP_LEFT\n            },\n      \t\t\tmapTypeControl: false,\n            mapTypeControlOptions: {\n              position: google.maps.ControlPosition.TOP_LEFT\n            },\n      \t\t\tstreetViewControl: false,\n            streetViewControlOptions: {\n              position: google.maps.ControlPosition.TOP_LEFT\n            },\n            scrollwheel: false,\n            disableDoubleClickZoom: true\n        }\n        var map = new google.maps.Map(document.getElementById(\"map-3671195799-inner\"), myOptions);\n        var styledMapType = new google.maps.StyledMapType(styles['flatsome'], {name: 'flatsome'});\n        map.mapTypes.set('flatsome', styledMapType);\n\n        var marker = new google.maps.Marker({\n            position: myLatlng,\n            map: map,\n            title:\"\"\n        });\n    }\n\n    \/\/ Required to proceed\n    if (!(typeof google === 'object' && typeof google.maps === 'object')) {\n      return\n    }\n\n    initialize()\n    google.maps.event.addDomListener(window, 'resize', initialize);\n    });\n    <\/script>\n\n    <div class=\"google-map relative mb\" id=\"map-3671195799\">\n        <div class=\"map-height\" id=\"map-3671195799-inner\"><\/div>\n        <div id=\"map_overlay_top\"><\/div>\n        <div id=\"map_overlay_bottom\"><\/div>\n         \n       \n<style>\n#map-3671195799 .map-inner {\n  background-color: #fff;\n  max-width: 100%;\n}\n#map-3671195799 .map-height {\n  height: 340px;\n}\n@media (min-width:550px) {\n  #map-3671195799 .map-inner {\n    max-width: 40%;\n  }\n}\n@media (min-width:850px) {\n  #map-3671195799 .map-inner {\n    max-width: 13%;\n  }\n}\n<\/style>\n    <\/div>\n\n\t\n\n\t\t<\/div>\n\t\t\t\t\t<\/div>\n\n\t\n\n<\/div>\n\n","protected":false},"excerpt":{"rendered":"","protected":false},"author":1,"featured_media":0,"parent":667,"menu_order":0,"comment_status":"closed","ping_status":"closed","template":"page-blank.php","meta":{"footnotes":""},"class_list":["post-671","page","type-page","status-publish","hentry"],"yoast_head":"<!-- This site is optimized with the Yoast SEO plugin v26.8 - https:\/\/yoast.com\/product\/yoast-seo-wordpress\/ -->\n<title>H\u00e6rvejen<\/title>\n<meta name=\"robots\" content=\"index, follow, max-snippet:-1, max-image-preview:large, max-video-preview:-1\" \/>\n<link rel=\"canonical\" href=\"https:\/\/vejen-fodboldgolf.dk\/de\/wanderrouten\/haervejen\/\" \/>\n<meta property=\"og:locale\" content=\"de_DE\" \/>\n<meta property=\"og:type\" content=\"article\" \/>\n<meta property=\"og:title\" content=\"H\u00e6rvejen\" \/>\n<meta property=\"og:url\" content=\"https:\/\/vejen-fodboldgolf.dk\/de\/wanderrouten\/haervejen\/\" \/>\n<meta property=\"og:site_name\" content=\"Vejen Fodboldgolf og Kanocenter\" \/>\n<meta property=\"article:modified_time\" content=\"2022-03-20T13:21:39+00:00\" \/>\n<meta name=\"twitter:card\" content=\"summary_large_image\" \/>\n<meta name=\"twitter:label1\" content=\"Gesch\u00e4tzte Lesezeit\" \/>\n\t<meta name=\"twitter:data1\" content=\"1\u00a0Minute\" \/>\n<script type=\"application\/ld+json\" class=\"yoast-schema-graph\">{\"@context\":\"https:\/\/schema.org\",\"@graph\":[{\"@type\":\"WebPage\",\"@id\":\"https:\/\/vejen-fodboldgolf.dk\/de\/wanderrouten\/haervejen\/\",\"url\":\"https:\/\/vejen-fodboldgolf.dk\/de\/wanderrouten\/haervejen\/\",\"name\":\"H\u00e6rvejen\",\"isPartOf\":{\"@id\":\"https:\/\/vejen-fodboldgolf.dk\/de\/#website\"},\"datePublished\":\"2022-02-22T20:36:02+00:00\",\"dateModified\":\"2022-03-20T13:21:39+00:00\",\"breadcrumb\":{\"@id\":\"https:\/\/vejen-fodboldgolf.dk\/de\/wanderrouten\/haervejen\/#breadcrumb\"},\"inLanguage\":\"de\",\"potentialAction\":[{\"@type\":\"ReadAction\",\"target\":[\"https:\/\/vejen-fodboldgolf.dk\/de\/wanderrouten\/haervejen\/\"]}]},{\"@type\":\"BreadcrumbList\",\"@id\":\"https:\/\/vejen-fodboldgolf.dk\/de\/wanderrouten\/haervejen\/#breadcrumb\",\"itemListElement\":[{\"@type\":\"ListItem\",\"position\":1,\"name\":\"Hjem\",\"item\":\"https:\/\/vejen-fodboldgolf.dk\/de\/\"},{\"@type\":\"ListItem\",\"position\":2,\"name\":\"Wanderrouten\",\"item\":\"https:\/\/vejen-fodboldgolf.dk\/de\/wanderrouten\/\"},{\"@type\":\"ListItem\",\"position\":3,\"name\":\"H\u00e6rvejen\"}]},{\"@type\":\"WebSite\",\"@id\":\"https:\/\/vejen-fodboldgolf.dk\/de\/#website\",\"url\":\"https:\/\/vejen-fodboldgolf.dk\/de\/\",\"name\":\"Vejen Fodboldgolf og Kanocenter\",\"description\":\"\",\"publisher\":{\"@id\":\"https:\/\/vejen-fodboldgolf.dk\/de\/#organization\"},\"potentialAction\":[{\"@type\":\"SearchAction\",\"target\":{\"@type\":\"EntryPoint\",\"urlTemplate\":\"https:\/\/vejen-fodboldgolf.dk\/de\/?s={search_term_string}\"},\"query-input\":{\"@type\":\"PropertyValueSpecification\",\"valueRequired\":true,\"valueName\":\"search_term_string\"}}],\"inLanguage\":\"de\"},{\"@type\":\"Organization\",\"@id\":\"https:\/\/vejen-fodboldgolf.dk\/de\/#organization\",\"name\":\"Vejen Fodboldgolf og kanocenter\",\"url\":\"https:\/\/vejen-fodboldgolf.dk\/de\/\",\"logo\":{\"@type\":\"ImageObject\",\"inLanguage\":\"de\",\"@id\":\"https:\/\/vejen-fodboldgolf.dk\/de\/#\/schema\/logo\/image\/\",\"url\":\"https:\/\/vejen-fodboldgolf.dk\/wp-content\/uploads\/2022\/02\/Hele-Logo-Vejen-Fodboldgolf-og-Kanocenter.jpg\",\"contentUrl\":\"https:\/\/vejen-fodboldgolf.dk\/wp-content\/uploads\/2022\/02\/Hele-Logo-Vejen-Fodboldgolf-og-Kanocenter.jpg\",\"width\":1358,\"height\":827,\"caption\":\"Vejen Fodboldgolf og kanocenter\"},\"image\":{\"@id\":\"https:\/\/vejen-fodboldgolf.dk\/de\/#\/schema\/logo\/image\/\"}}]}<\/script>\n<!-- \/ Yoast SEO plugin. -->","yoast_head_json":{"title":"H\u00e6rvejen","robots":{"index":"index","follow":"follow","max-snippet":"max-snippet:-1","max-image-preview":"max-image-preview:large","max-video-preview":"max-video-preview:-1"},"canonical":"https:\/\/vejen-fodboldgolf.dk\/de\/wanderrouten\/haervejen\/","og_locale":"de_DE","og_type":"article","og_title":"H\u00e6rvejen","og_url":"https:\/\/vejen-fodboldgolf.dk\/de\/wanderrouten\/haervejen\/","og_site_name":"Vejen Fodboldgolf og Kanocenter","article_modified_time":"2022-03-20T13:21:39+00:00","twitter_card":"summary_large_image","twitter_misc":{"Gesch\u00e4tzte Lesezeit":"1\u00a0Minute"},"schema":{"@context":"https:\/\/schema.org","@graph":[{"@type":"WebPage","@id":"https:\/\/vejen-fodboldgolf.dk\/de\/wanderrouten\/haervejen\/","url":"https:\/\/vejen-fodboldgolf.dk\/de\/wanderrouten\/haervejen\/","name":"H\u00e6rvejen","isPartOf":{"@id":"https:\/\/vejen-fodboldgolf.dk\/de\/#website"},"datePublished":"2022-02-22T20:36:02+00:00","dateModified":"2022-03-20T13:21:39+00:00","breadcrumb":{"@id":"https:\/\/vejen-fodboldgolf.dk\/de\/wanderrouten\/haervejen\/#breadcrumb"},"inLanguage":"de","potentialAction":[{"@type":"ReadAction","target":["https:\/\/vejen-fodboldgolf.dk\/de\/wanderrouten\/haervejen\/"]}]},{"@type":"BreadcrumbList","@id":"https:\/\/vejen-fodboldgolf.dk\/de\/wanderrouten\/haervejen\/#breadcrumb","itemListElement":[{"@type":"ListItem","position":1,"name":"Hjem","item":"https:\/\/vejen-fodboldgolf.dk\/de\/"},{"@type":"ListItem","position":2,"name":"Wanderrouten","item":"https:\/\/vejen-fodboldgolf.dk\/de\/wanderrouten\/"},{"@type":"ListItem","position":3,"name":"H\u00e6rvejen"}]},{"@type":"WebSite","@id":"https:\/\/vejen-fodboldgolf.dk\/de\/#website","url":"https:\/\/vejen-fodboldgolf.dk\/de\/","name":"Vejen Fodboldgolf og Kanocenter","description":"","publisher":{"@id":"https:\/\/vejen-fodboldgolf.dk\/de\/#organization"},"potentialAction":[{"@type":"SearchAction","target":{"@type":"EntryPoint","urlTemplate":"https:\/\/vejen-fodboldgolf.dk\/de\/?s={search_term_string}"},"query-input":{"@type":"PropertyValueSpecification","valueRequired":true,"valueName":"search_term_string"}}],"inLanguage":"de"},{"@type":"Organization","@id":"https:\/\/vejen-fodboldgolf.dk\/de\/#organization","name":"Vejen Fodboldgolf og kanocenter","url":"https:\/\/vejen-fodboldgolf.dk\/de\/","logo":{"@type":"ImageObject","inLanguage":"de","@id":"https:\/\/vejen-fodboldgolf.dk\/de\/#\/schema\/logo\/image\/","url":"https:\/\/vejen-fodboldgolf.dk\/wp-content\/uploads\/2022\/02\/Hele-Logo-Vejen-Fodboldgolf-og-Kanocenter.jpg","contentUrl":"https:\/\/vejen-fodboldgolf.dk\/wp-content\/uploads\/2022\/02\/Hele-Logo-Vejen-Fodboldgolf-og-Kanocenter.jpg","width":1358,"height":827,"caption":"Vejen Fodboldgolf og kanocenter"},"image":{"@id":"https:\/\/vejen-fodboldgolf.dk\/de\/#\/schema\/logo\/image\/"}}]}},"_links":{"self":[{"href":"https:\/\/vejen-fodboldgolf.dk\/de\/wp-json\/wp\/v2\/pages\/671","targetHints":{"allow":["GET"]}}],"collection":[{"href":"https:\/\/vejen-fodboldgolf.dk\/de\/wp-json\/wp\/v2\/pages"}],"about":[{"href":"https:\/\/vejen-fodboldgolf.dk\/de\/wp-json\/wp\/v2\/types\/page"}],"author":[{"embeddable":true,"href":"https:\/\/vejen-fodboldgolf.dk\/de\/wp-json\/wp\/v2\/users\/1"}],"replies":[{"embeddable":true,"href":"https:\/\/vejen-fodboldgolf.dk\/de\/wp-json\/wp\/v2\/comments?post=671"}],"version-history":[{"count":3,"href":"https:\/\/vejen-fodboldgolf.dk\/de\/wp-json\/wp\/v2\/pages\/671\/revisions"}],"predecessor-version":[{"id":963,"href":"https:\/\/vejen-fodboldgolf.dk\/de\/wp-json\/wp\/v2\/pages\/671\/revisions\/963"}],"up":[{"embeddable":true,"href":"https:\/\/vejen-fodboldgolf.dk\/de\/wp-json\/wp\/v2\/pages\/667"}],"wp:attachment":[{"href":"https:\/\/vejen-fodboldgolf.dk\/de\/wp-json\/wp\/v2\/media?parent=671"}],"curies":[{"name":"wp","href":"https:\/\/api.w.org\/{rel}","templated":true}]}}